{"id":8638,"date":"2023-03-22T22:21:17","date_gmt":"2023-03-22T22:21:17","guid":{"rendered":"https:\/\/youpoxy.fr\/?post_type=product&#038;p=8638"},"modified":"2024-07-02T00:16:44","modified_gmt":"2024-07-02T00:16:44","slug":"sweat-unisexe","status":"publish","type":"product","link":"https:\/\/youpoxy.fr\/en_en\/product\/sweat-unisexe\/","title":{"rendered":"Sweat Unisexe"},"content":{"rendered":"<p>&nbsp;<\/p>\n<h5><strong>Caract\u00e9ristiques<\/strong><\/h5>\n<ul>\n<li>80% Coton \/ 20% Polyester, toucher doux<\/li>\n<li>Grammage 280g\/m2, chaud et \u00e9pais, \u00e0 porter toute l&#8217;ann\u00e9e !<\/li>\n<li>Coupe unisexe qui va \u00e0 toutes les silhouettes<\/li>\n<li>Capuche doubl\u00e9e avec cordon de couleur assortie<\/li>\n<li>Zip int\u00e9gral dissimul\u00e9 par le tissu<\/li>\n<li>Grandes poches<\/li>\n<\/ul>\n<p>&nbsp;<\/p>\n<table id=\"tablefield-node-27468-field_size_guide-0\" class=\"tablefield tablefield-columns-6 sticky-enabled tableheader-processed sticky-table\">\n<caption>\n<h5><strong>Tailles<\/strong><\/h5>\n<\/caption>\n<thead>\n<tr>\n<th class=\"row_0 col_0\" scope=\"col\">Mesure en cm<\/th>\n<th class=\"row_0 col_1\" scope=\"col\">S<\/th>\n<th class=\"row_0 col_2\" scope=\"col\">M<\/th>\n<th class=\"row_0 col_3\" scope=\"col\">L<\/th>\n<th class=\"row_0 col_4\" scope=\"col\">XL<\/th>\n<th class=\"row_0 col_5\" scope=\"col\">XXL<\/th>\n<\/tr>\n<\/thead>\n<tbody>\n<tr class=\"odd\">\n<td class=\"row_1 col_0\">Demi tour de poitrine<\/td>\n<td class=\"row_1 col_1\">51<\/td>\n<td class=\"row_1 col_2\">56<\/td>\n<td class=\"row_1 col_3\">61<\/td>\n<td class=\"row_1 col_4\">65<\/td>\n<td class=\"row_1 col_5\">69<\/td>\n<\/tr>\n<tr class=\"even\">\n<td class=\"row_2 col_0\">Hauteur<\/td>\n<td class=\"row_2 col_1\">67<\/td>\n<td class=\"row_2 col_2\">70<\/td>\n<td class=\"row_2 col_3\">73<\/td>\n<td class=\"row_2 col_4\">76<\/td>\n<td class=\"row_2 col_5\">79<\/td>\n<\/tr>\n<tr class=\"odd\">\n<td class=\"row_3 col_0\">Longueur de manche<\/td>\n<td class=\"row_3 col_1\">59<\/td>\n<td class=\"row_3 col_2\">60.5<\/td>\n<td class=\"row_3 col_3\">62<\/td>\n<td class=\"row_3 col_4\">63.5<\/td>\n<td class=\"row_3 col_5\">65<\/td>\n<\/tr>\n<\/tbody>\n<\/table>","protected":false},"excerpt":{"rendered":"<p>Sweat \u00e0 Capuche avec zip. Fabriqu\u00e9 avec un textile de qualit\u00e9 (280g\/m2), il se porte pendant toutes les saisons !<\/p>","protected":false},"featured_media":8640,"comment_status":"open","ping_status":"closed","template":"","meta":[],"product_cat":[96],"product_tag":[],"aioseo_notices":[],"_links":{"self":[{"href":"https:\/\/youpoxy.fr\/en_en\/wp-json\/wp\/v2\/product\/8638"}],"collection":[{"href":"https:\/\/youpoxy.fr\/en_en\/wp-json\/wp\/v2\/product"}],"about":[{"href":"https:\/\/youpoxy.fr\/en_en\/wp-json\/wp\/v2\/types\/product"}],"replies":[{"embeddable":true,"href":"https:\/\/youpoxy.fr\/en_en\/wp-json\/wp\/v2\/comments?post=8638"}],"wp:featuredmedia":[{"embeddable":true,"href":"https:\/\/youpoxy.fr\/en_en\/wp-json\/wp\/v2\/media\/8640"}],"wp:attachment":[{"href":"https:\/\/youpoxy.fr\/en_en\/wp-json\/wp\/v2\/media?parent=8638"}],"wp:term":[{"taxonomy":"product_cat","embeddable":true,"href":"https:\/\/youpoxy.fr\/en_en\/wp-json\/wp\/v2\/product_cat?post=8638"},{"taxonomy":"product_tag","embeddable":true,"href":"https:\/\/youpoxy.fr\/en_en\/wp-json\/wp\/v2\/product_tag?post=8638"}],"curies":[{"name":"wp","href":"https:\/\/api.w.org\/{rel}","templated":true}]}}