{"id":669,"date":"2023-03-07T11:36:34","date_gmt":"2023-03-07T11:36:34","guid":{"rendered":"http:\/\/demo.woothemes.com\/woocommerce\/?post_type=product&#038;p=93"},"modified":"2024-11-11T13:58:03","modified_gmt":"2024-11-11T13:58:03","slug":"mug-en-ceramique","status":"publish","type":"product","link":"https:\/\/youpoxy.fr\/en_en\/product\/mug-en-ceramique\/","title":{"rendered":"Mug en c\u00e9ramique"},"content":{"rendered":"<p>&nbsp;<\/p>\n<h5><strong>Caract\u00e9ristiques<\/strong><\/h5>\n<ul>\n<li>Tasses (mug) en c\u00e9ramique<\/li>\n<li>Anse, rebord et int\u00e9rieur personnalis\u00e9s<\/li>\n<li>Large anse<\/li>\n<li>Hauteur : 9,5 cm<\/li>\n<li>Diam\u00e8tre : 8,2 cm<\/li>\n<li>Contenance : 325 ml<\/li>\n<\/ul>","protected":false},"excerpt":{"rendered":"<p>Mug avec une large anse color\u00e9e qui offre une prise en main facile. Compatible avec le lave-vaisselle, ce qui le rend facile \u00e0 nettoyer apr\u00e8s utilisation.<\/p>","protected":false},"featured_media":8633,"comment_status":"open","ping_status":"closed","template":"","meta":[],"product_cat":[95],"product_tag":[],"aioseo_notices":[],"_links":{"self":[{"href":"https:\/\/youpoxy.fr\/en_en\/wp-json\/wp\/v2\/product\/669"}],"collection":[{"href":"https:\/\/youpoxy.fr\/en_en\/wp-json\/wp\/v2\/product"}],"about":[{"href":"https:\/\/youpoxy.fr\/en_en\/wp-json\/wp\/v2\/types\/product"}],"replies":[{"embeddable":true,"href":"https:\/\/youpoxy.fr\/en_en\/wp-json\/wp\/v2\/comments?post=669"}],"wp:featuredmedia":[{"embeddable":true,"href":"https:\/\/youpoxy.fr\/en_en\/wp-json\/wp\/v2\/media\/8633"}],"wp:attachment":[{"href":"https:\/\/youpoxy.fr\/en_en\/wp-json\/wp\/v2\/media?parent=669"}],"wp:term":[{"taxonomy":"product_cat","embeddable":true,"href":"https:\/\/youpoxy.fr\/en_en\/wp-json\/wp\/v2\/product_cat?post=669"},{"taxonomy":"product_tag","embeddable":true,"href":"https:\/\/youpoxy.fr\/en_en\/wp-json\/wp\/v2\/product_tag?post=669"}],"curies":[{"name":"wp","href":"https:\/\/api.w.org\/{rel}","templated":true}]}}