{"id":8599,"date":"2023-03-16T17:24:52","date_gmt":"2023-03-16T17:24:52","guid":{"rendered":"https:\/\/youpoxy.fr\/?page_id=8599"},"modified":"2023-04-03T17:41:27","modified_gmt":"2023-04-03T17:41:27","slug":"mentions-legales-et-politique-de-confidentialite","status":"publish","type":"page","link":"https:\/\/youpoxy.fr\/en_en\/mentions-legales-et-politique-de-confidentialite\/","title":{"rendered":"Mentions l\u00e9gales &#038; Politique de confidentialit\u00e9"},"content":{"rendered":"<section class=\"wpb-content-wrapper\"><div class=\"vc_row wpb_row vc_row-fluid vc_custom_1678314307918\"><div class=\"wpb_column vc_column_container vc_col-sm-12\"><div class=\"vc_column-inner\"><div class=\"wpb_wrapper\"><h2 style=\"font-size: 40px;line-height: normal;text-align: center;font-family:Josefin Sans;font-weight:100;font-style:normal\" class=\"vc_custom_heading vc_custom_1679347315024\" >Mentions l\u00e9gales &amp; Politique de confidentialit\u00e9<\/h2>\n\t<div  class=\"wpb_single_image wpb_content_element vc_align_center\">\n\t\t\n\t\t<figure class=\"wpb_wrapper vc_figure\">\n\t\t\t<div class=\"vc_single_image-wrapper   vc_box_border_grey\"><img width=\"496\" height=\"19\" src=\"https:\/\/youpoxy.fr\/wp-content\/uploads\/2016\/03\/title-line.png\" class=\"vc_single_image-img attachment-full\" alt=\"title-line\" decoding=\"async\" loading=\"lazy\" title=\"title-line\" srcset=\"https:\/\/youpoxy.fr\/wp-content\/uploads\/2016\/03\/title-line.png 496w, https:\/\/youpoxy.fr\/wp-content\/uploads\/2016\/03\/title-line-300x11.png 300w, https:\/\/youpoxy.fr\/wp-content\/uploads\/2016\/03\/title-line-18x1.png 18w\" sizes=\"(max-width: 496px) 100vw, 496px\" \/><\/div>\n\t\t<\/figure>\n\t<\/div>\n<\/div><\/div><\/div><\/div><div class=\"vc_row wpb_row vc_row-fluid vc_custom_1676992247827\"><div class=\"aligncenter wpb_column vc_column_container vc_col-sm-12\"><div class=\"vc_column-inner\"><div class=\"wpb_wrapper\"><div class='dt-sc-hr-invisible-xsmall'> <\/div>\n\t<div class=\"wpb_text_column wpb_content_element\" >\n\t\t<div class=\"wpb_wrapper\">\n\t\t\t<p style=\"text-align: center;\">Conform\u00e9ment aux dispositions des Articles 6-III et 19 de la Loi n\u00b02004-575 du 21 juin 2004 pour la<br \/>\nConfiance dans l\u2019\u00e9conomie num\u00e9rique, dite L.C.E.N., il est port\u00e9 \u00e0 la connaissance des utilisateurs et<br \/>\nvisiteurs, ci-apr\u00e8s l&#8221;&#8221;Utilisateur&#8221;, du site youpoxy.fr , ci-apr\u00e8s le &#8220;Site&#8221;, les informations suivantes :<\/p>\n<p style=\"text-align: center;\">La connexion et la navigation sur le Site par l\u2019Utilisateur implique acceptation int\u00e9grale et sans r\u00e9serve<br \/>\ndes pr\u00e9sentes mentions l\u00e9gales.<\/p>\n<p>&nbsp;<\/p>\n<h3 style=\"text-align: center;\"><strong>ARTICLE 1 &#8211; L&#8217;EDITEUR<\/strong><\/h3>\n<p style=\"text-align: center;\">L&#8217;\u00e9dition du Site est assur\u00e9e par MALMAS CREATIONS ; SARL au capital de 4000 euros, immatricul\u00e9e<br \/>\nau Registre du Commerce et des Soci\u00e9t\u00e9s de ANTIBES sous le num\u00e9ro 919695312 dont le si\u00e8ge<br \/>\nsocial est situ\u00e9 au 86 Avenue France d&#8217;Outre-Mer ; 06700 ; Saint Laurent du Var,<\/p>\n<p style=\"text-align: center;\"><em>Num\u00e9ro de t\u00e9l\u00e9phone :<\/em> <a href=\"tel: 33651077955\" target=\"_blank\" rel=\"noopener\">06 51 07 79 55<\/a><br \/>\n<em>Adresse e-mail :<\/em> <a href=\"mailto:contact@youpoxy.fr\" target=\"_blank\" rel=\"noopener\">contact@youpoxy.fr<\/a><\/p>\n<p style=\"text-align: center;\"><em>N\u00b0 de TVA intracommunautaire :<\/em> FR03919695312<br \/>\nLe Directeur de la publication est MALMAS CREATIONS<br \/>\nci-apr\u00e8s l'&#8221;Editeur&#8221;.<\/p>\n<p>&nbsp;<\/p>\n<h3 style=\"text-align: center;\"><strong>ARTICLE 2 &#8211; L&#8217;HEBERGEUR<\/strong><\/h3>\n<p style=\"text-align: center;\">L&#8217;h\u00e9bergeur du Site est la soci\u00e9t\u00e9 HOSTINGER INTERNATIONAL LTD, dont le si\u00e8ge social est situ\u00e9<br \/>\nau 61 Lordou Vironos Street, 6023 Larnaca, Chypre , avec le num\u00e9ro de t\u00e9l\u00e9phone : 0892977093 ainsi<br \/>\nque l&#8217;adresse de contact : <a href=\"https:\/\/www.hostinger.fr\/contact.\" target=\"_blank\" rel=\"noopener\">https:\/\/www.hostinger.fr\/contact.<\/a><\/p>\n<p>&nbsp;<\/p>\n<h3 style=\"text-align: center;\"><strong>ARTICLE 3 &#8211; ACCES AU SITE<\/strong><\/h3>\n<p style=\"text-align: center;\">Le Site est accessible en tout endroit, 7j\/7, 24h\/24 sauf cas de force majeure, interruption<br \/>\nprogramm\u00e9e ou non et pouvant d\u00e9coulant d\u2019une n\u00e9cessit\u00e9 de maintenance.<br \/>\nEn cas de modification, interruption ou suspension du Site, l&#8217;Editeur ne saurait \u00eatre tenu responsable.<\/p>\n<p>&nbsp;<\/p>\n<h3 style=\"text-align: center;\"><strong>ARTICLE 4 &#8211; COLLECTE DES DONNEES<\/strong><\/h3>\n<p style=\"text-align: center;\">Le Site assure \u00e0 l&#8217;Utilisateur une collecte et un traitement d&#8217;informations personnelles dans le respect<br \/>\nde la vie priv\u00e9e conform\u00e9ment \u00e0 la loi n\u00b078-17 du 6 janvier 1978 relative \u00e0 l&#8217;informatique, aux fichiers<br \/>\net aux libert\u00e9s.<\/p>\n<p style=\"text-align: center;\">En vertu de la loi Informatique et Libert\u00e9s, en date du 6 janvier 1978, l&#8217;Utilisateur dispose d&#8217;un droit<br \/>\nd&#8217;acc\u00e8s, de rectification, de suppression et d&#8217;opposition de ses donn\u00e9es personnelles. L&#8217;Utilisateur<br \/>\nexerce ce droit :<br \/>\n1\u00b7 via le formulaire de contact pr\u00e9sent sur cette page <strong><a href=\"https:\/\/youpoxy.fr\/en_en\/contact\/\" target=\"_blank\" rel=\"noopener\">CONTACT<\/a> <\/strong>;<br \/>\n2\u00b7 via son espace personnel selon les cas ;<\/p>\n<p style=\"text-align: center;\">Toute utilisation, reproduction, diffusion, commercialisation, modification de toute ou partie du Site,<br \/>\nsans autorisation de l\u2019Editeur est prohib\u00e9e et pourra entra\u00een\u00e9e des actions et poursuites judiciaires<br \/>\ntelles que notamment pr\u00e9vues par le Code de la propri\u00e9t\u00e9 intellectuelle et le Code civil.<\/p>\n<p style=\"text-align: center;\">Pour plus d\u2019informations, se reporter aux Conditions G\u00e9n\u00e9rales de Vente du site youpoxy.fr accessibles sur cette page <strong><a href=\"https:\/\/youpoxy.fr\/en_en\/cgv\/\" target=\"_blank\" rel=\"noopener\">CGV.<\/a><\/strong><\/p>\n<h6 style=\"text-align: center;\">En vigueur au 01\/02\/2023<\/h6>\n\n\t\t<\/div>\n\t<\/div>\n<div class='dt-sc-hr-invisible-xsmall'> <\/div><div class='dt-sc-clear'> <\/div><\/div><\/div><\/div><\/div><div class=\"vc_row wpb_row vc_row-fluid vc_custom_1676992247827\"><div class=\"aligncenter wpb_column vc_column_container vc_col-sm-12\"><div class=\"vc_column-inner\"><div class=\"wpb_wrapper\"><div class='dt-sc-hr-invisible-small'> <\/div><div class='dt-sc-small-separator'><\/div><h2>UNE QUESTION ?<\/h2><div class='dt-sc-hr-invisible-xsmall'> <\/div><div class='dt-sc-clear'> <\/div><a href='https:\/\/youpoxy.fr\/en_en\/contact\/' target='' title='' class='dt-sc-button   xlarge   filled bounce dt-sc-expand dt-sc-expand-middle'  style=\"color:#0a0a0a;\">NOUS CONTACTER <\/a><\/div><\/div><\/div><\/div>\n<\/section>","protected":false},"excerpt":{"rendered":"Mentions l\u00e9gales &amp; Politique de confidentialit\u00e9 Conform\u00e9ment aux dispositions des Articles 6-III et 19 de la Loi n\u00b02004-575 du 21 juin 2004 pour la Confiance dans l\u2019\u00e9conomie num\u00e9rique, dite L.C.E.N., il est port\u00e9 \u00e0 la connaissance des utilisateurs et visiteurs, ci-apr\u00e8s l\"\"Utilisateur\", du site youpoxy.fr , ci-apr\u00e8s le \"Site\", les informations suivantes : La connexion [...]","protected":false},"author":1,"featured_media":0,"parent":0,"menu_order":0,"comment_status":"open","ping_status":"open","template":"","meta":[],"aioseo_notices":[],"_links":{"self":[{"href":"https:\/\/youpoxy.fr\/en_en\/wp-json\/wp\/v2\/pages\/8599"}],"collection":[{"href":"https:\/\/youpoxy.fr\/en_en\/wp-json\/wp\/v2\/pages"}],"about":[{"href":"https:\/\/youpoxy.fr\/en_en\/wp-json\/wp\/v2\/types\/page"}],"author":[{"embeddable":true,"href":"https:\/\/youpoxy.fr\/en_en\/wp-json\/wp\/v2\/users\/1"}],"replies":[{"embeddable":true,"href":"https:\/\/youpoxy.fr\/en_en\/wp-json\/wp\/v2\/comments?post=8599"}],"version-history":[{"count":12,"href":"https:\/\/youpoxy.fr\/en_en\/wp-json\/wp\/v2\/pages\/8599\/revisions"}],"predecessor-version":[{"id":8678,"href":"https:\/\/youpoxy.fr\/en_en\/wp-json\/wp\/v2\/pages\/8599\/revisions\/8678"}],"wp:attachment":[{"href":"https:\/\/youpoxy.fr\/en_en\/wp-json\/wp\/v2\/media?parent=8599"}],"curies":[{"name":"wp","href":"https:\/\/api.w.org\/{rel}","templated":true}]}}