{"id":8565,"date":"2023-03-16T10:54:29","date_gmt":"2023-03-16T10:54:29","guid":{"rendered":"https:\/\/youpoxy.fr\/?page_id=8565"},"modified":"2023-03-27T18:13:15","modified_gmt":"2023-03-27T18:13:15","slug":"faq","status":"publish","type":"page","link":"https:\/\/youpoxy.fr\/en_en\/faq\/","title":{"rendered":"FAQs"},"content":{"rendered":"<section class=\"wpb-content-wrapper\"><div class=\"vc_row wpb_row vc_row-fluid vc_custom_1678314307918\"><div class=\"wpb_column vc_column_container vc_col-sm-12\"><div class=\"vc_column-inner\"><div class=\"wpb_wrapper\"><h2 style=\"font-size: 70px;line-height: normal;text-align: center;font-family:Josefin Sans;font-weight:100;font-style:normal\" class=\"vc_custom_heading vc_custom_1678963802592\" >Foire aux questions<\/h2>\n\t<div class=\"wpb_text_column wpb_content_element  vc_custom_1678963821683 vc-sub-title\" >\n\t\t<div class=\"wpb_wrapper\">\n\t\t\t<p>Si vous vous posez une question, la r\u00e9ponse est certainement ici !<\/p>\n\n\t\t<\/div>\n\t<\/div>\n\n\t<div  class=\"wpb_single_image wpb_content_element vc_align_center\">\n\t\t\n\t\t<figure class=\"wpb_wrapper vc_figure\">\n\t\t\t<div class=\"vc_single_image-wrapper   vc_box_border_grey\"><img width=\"496\" height=\"19\" src=\"https:\/\/youpoxy.fr\/wp-content\/uploads\/2016\/03\/title-line.png\" class=\"vc_single_image-img attachment-full\" alt=\"title-line\" decoding=\"async\" loading=\"lazy\" title=\"title-line\" srcset=\"https:\/\/youpoxy.fr\/wp-content\/uploads\/2016\/03\/title-line.png 496w, https:\/\/youpoxy.fr\/wp-content\/uploads\/2016\/03\/title-line-300x11.png 300w, https:\/\/youpoxy.fr\/wp-content\/uploads\/2016\/03\/title-line-18x1.png 18w\" sizes=\"(max-width: 496px) 100vw, 496px\" \/><\/div>\n\t\t<\/figure>\n\t<\/div>\n<\/div><\/div><\/div><\/div><div class=\"vc_row wpb_row vc_row-fluid vc_custom_1676992247827\"><div class=\"aligncenter wpb_column vc_column_container vc_col-sm-12\"><div class=\"vc_column-inner\"><div class=\"wpb_wrapper\"><div class='dt-sc-hr-invisible-small'> <\/div><div class='dt-sc-hr-invisible-xsmall'> <\/div><\/div><\/div><\/div><\/div><div class=\"vc_row wpb_row vc_row-fluid\"><div class=\"wpb_column vc_column_container vc_col-sm-12\"><div class=\"vc_column-inner\"><div class=\"wpb_wrapper\"><div class=\"vc_tta-container\" data-vc-action=\"collapse\"><div class=\"vc_general vc_tta vc_tta-tabs vc_tta-color-black vc_tta-style-modern vc_tta-shape-rounded vc_tta-spacing-1 vc_tta-gap-1 vc_tta-o-no-fill vc_tta-tabs-position-left vc_tta-controls-align-center  vc_custom_1679937703972\"><div class=\"vc_tta-tabs-container\"><ul class=\"vc_tta-tabs-list\"><li class=\"vc_tta-tab\" data-vc-tab><a href=\"#1679937340679-a4bd9694-0748\" data-vc-tabs data-vc-container=\".vc_tta\"><span class=\"vc_tta-title-text\">Choix du bois<\/span><\/a><\/li><li class=\"vc_tta-tab\" data-vc-tab><a href=\"#1678975238657-af75a9fa-ea83\" data-vc-tabs data-vc-container=\".vc_tta\"><span class=\"vc_tta-title-text\">D\u00e9lais de fabrication<\/span><\/a><\/li><\/ul><\/div><div class=\"vc_tta-panels-container\"><div class=\"vc_tta-panels\"><div class=\"vc_tta-panel\" id=\"1679937340679-a4bd9694-0748\" data-vc-content=\".vc_tta-panel-body\"><div class=\"vc_tta-panel-heading\"><h4 class=\"vc_tta-panel-title\"><a href=\"#1679937340679-a4bd9694-0748\" data-vc-accordion data-vc-container=\".vc_tta-container\"><span class=\"vc_tta-title-text\">Choix du bois<\/span><\/a><\/h4><\/div><div class=\"vc_tta-panel-body\">\n\t<div class=\"wpb_text_column wpb_content_element\" >\n\t\t<div class=\"wpb_wrapper\">\n\t\t\t<p style=\"text-align: center;\">Chacune des essences de bois pr\u00e9sente des avantages et des inconv\u00e9nients.<\/p>\n<p style=\"text-align: center;\">Dans tous les cas, le bois doit \u00eatre sec et sans n\u0153uds pour garantir un rendu optimal. Le choix d\u00e9pend \u00e9galement du style souhait\u00e9 pour le projet.<\/p>\n\n\t\t<\/div>\n\t<\/div>\n<\/div><\/div><div class=\"vc_tta-panel\" id=\"1678975238657-af75a9fa-ea83\" data-vc-content=\".vc_tta-panel-body\"><div class=\"vc_tta-panel-heading\"><h4 class=\"vc_tta-panel-title\"><a href=\"#1678975238657-af75a9fa-ea83\" data-vc-accordion data-vc-container=\".vc_tta-container\"><span class=\"vc_tta-title-text\">D\u00e9lais de fabrication<\/span><\/a><\/h4><\/div><div class=\"vc_tta-panel-body\">\n\t<div class=\"wpb_text_column wpb_content_element\" >\n\t\t<div class=\"wpb_wrapper\">\n\t\t\t<p style=\"text-align: center;\">Chaque d\u00e9lai est unique selon le projet souhait\u00e9.<\/p>\n<p style=\"text-align: center;\">Le temps de conception\/fabrication est fix\u00e9 au cours de l&#8217;\u00e9laboration du devis et des premiers \u00e9changes.<\/p>\n\n\t\t<\/div>\n\t<\/div>\n<\/div><\/div><\/div><\/div><\/div><\/div><\/div><\/div><\/div><\/div><div class=\"vc_row wpb_row vc_row-fluid vc_custom_1676992247827\"><div class=\"aligncenter wpb_column vc_column_container vc_col-sm-12\"><div class=\"vc_column-inner\"><div class=\"wpb_wrapper\"><div class='dt-sc-hr-invisible-small'> <\/div><div class='dt-sc-small-separator'><\/div><h2>ENCORE UNE QUESTION ?<\/h2><div class='dt-sc-hr-invisible-xsmall'> <\/div><div class='dt-sc-clear'> <\/div><a href='https:\/\/youpoxy.fr\/en_en\/contact\/' target='' title='' class='dt-sc-button   xlarge   filled bounce dt-sc-expand dt-sc-expand-middle'  style=\"color:#0a0a0a;\">NOUS CONTACTER <\/a><\/div><\/div><\/div><\/div>\n<\/section>","protected":false},"excerpt":{"rendered":"Foire aux questions Si vous vous posez une question, la r\u00e9ponse est certainement ici ! Choix du boisD\u00e9lais de fabricationChoix du bois Chacune des essences de bois pr\u00e9sente des avantages et des inconv\u00e9nients. Dans tous les cas, le bois doit \u00eatre sec et sans n\u0153uds pour garantir un rendu optimal. Le choix d\u00e9pend \u00e9galement du [...]","protected":false},"author":1,"featured_media":0,"parent":0,"menu_order":0,"comment_status":"open","ping_status":"open","template":"","meta":[],"aioseo_notices":[],"_links":{"self":[{"href":"https:\/\/youpoxy.fr\/en_en\/wp-json\/wp\/v2\/pages\/8565"}],"collection":[{"href":"https:\/\/youpoxy.fr\/en_en\/wp-json\/wp\/v2\/pages"}],"about":[{"href":"https:\/\/youpoxy.fr\/en_en\/wp-json\/wp\/v2\/types\/page"}],"author":[{"embeddable":true,"href":"https:\/\/youpoxy.fr\/en_en\/wp-json\/wp\/v2\/users\/1"}],"replies":[{"embeddable":true,"href":"https:\/\/youpoxy.fr\/en_en\/wp-json\/wp\/v2\/comments?post=8565"}],"version-history":[{"count":18,"href":"https:\/\/youpoxy.fr\/en_en\/wp-json\/wp\/v2\/pages\/8565\/revisions"}],"predecessor-version":[{"id":8671,"href":"https:\/\/youpoxy.fr\/en_en\/wp-json\/wp\/v2\/pages\/8565\/revisions\/8671"}],"wp:attachment":[{"href":"https:\/\/youpoxy.fr\/en_en\/wp-json\/wp\/v2\/media?parent=8565"}],"curies":[{"name":"wp","href":"https:\/\/api.w.org\/{rel}","templated":true}]}}