{"id":8538,"date":"2023-03-14T18:18:57","date_gmt":"2023-03-14T18:18:57","guid":{"rendered":"https:\/\/youpoxy.fr\/?page_id=8538"},"modified":"2023-03-16T00:52:46","modified_gmt":"2023-03-16T00:52:46","slug":"votre-projet","status":"publish","type":"page","link":"https:\/\/youpoxy.fr\/en_en\/votre-projet\/","title":{"rendered":"Votre projet"},"content":{"rendered":"<section class=\"wpb-content-wrapper\"><div class=\"vc_row wpb_row vc_row-fluid vc_custom_1678314307918\"><div class=\"wpb_column vc_column_container vc_col-sm-12\"><div class=\"vc_column-inner\"><div class=\"wpb_wrapper\"><h2 style=\"font-size: 70px;line-height: normal;text-align: center;font-family:Josefin Sans;font-weight:100;font-style:normal\" class=\"vc_custom_heading vc_custom_1678816852747\" >VOTRE PROJET<\/h2>\n\t<div class=\"wpb_text_column wpb_content_element  vc_custom_1678923050021 vc-sub-title\" >\n\t\t<div class=\"wpb_wrapper\">\n\t\t\t<p>\u00c0 vos c\u00f4t\u00e9s pour vous aider \u00e0 transformer vos id\u00e9es en cr\u00e9ations personnalis\u00e9es.<\/p>\n\n\t\t<\/div>\n\t<\/div>\n\n\t<div  class=\"wpb_single_image wpb_content_element vc_align_center\">\n\t\t\n\t\t<figure class=\"wpb_wrapper vc_figure\">\n\t\t\t<div class=\"vc_single_image-wrapper   vc_box_border_grey\"><img width=\"496\" height=\"19\" src=\"https:\/\/youpoxy.fr\/wp-content\/uploads\/2016\/03\/title-line.png\" class=\"vc_single_image-img attachment-full\" alt=\"title-line\" decoding=\"async\" loading=\"lazy\" title=\"title-line\" srcset=\"https:\/\/youpoxy.fr\/wp-content\/uploads\/2016\/03\/title-line.png 496w, https:\/\/youpoxy.fr\/wp-content\/uploads\/2016\/03\/title-line-300x11.png 300w, https:\/\/youpoxy.fr\/wp-content\/uploads\/2016\/03\/title-line-18x1.png 18w\" sizes=\"(max-width: 496px) 100vw, 496px\" \/><\/div>\n\t\t<\/figure>\n\t<\/div>\n<\/div><\/div><\/div><\/div><div class=\"vc_row wpb_row vc_row-fluid\"><div class=\"wpb_column vc_column_container vc_col-sm-12\"><div class=\"vc_column-inner\"><div class=\"wpb_wrapper\"><div class='dt-sc-hr-invisible-small'> <\/div>\n\t<div class=\"wpb_text_column wpb_content_element  vc_custom_1678923015211 aligncenter\" >\n\t\t<div class=\"wpb_wrapper\">\n\t\t\t<div class='dt-sc-small-separator'><\/div>\n<h2>UN ACCOMPAGNEMENT SUR MESURE<\/h2>\n\n\t\t<\/div>\n\t<\/div>\n<div class='dt-sc-hr-invisible-medium'> <\/div><div class=\"vc_row wpb_row vc_inner vc_row-fluid\"><div class=\"rs_col-sm-6 wpb_column vc_column_container vc_col-sm-3\"><div class=\"vc_column-inner\"><div class=\"wpb_wrapper\"><div class='dt-sc-image-caption type2'><div class='dt-sc-image-content'><div class='dt-sc-image-title'><h3>Une expertise technique<\/h3><\/div>Quisque volutpat mattis eros. \u00a0Nullam malesuada erat ut turpis.<\/div><div class='dt-sc-image-wrapper'><img width=\"420\" height=\"216\" src=\"https:\/\/youpoxy.fr\/wp-content\/uploads\/2015\/08\/image-caption-8.jpg\" class=\"attachment-full\" alt=\"\" decoding=\"async\" loading=\"lazy\" title=\"image-caption-8\" srcset=\"https:\/\/youpoxy.fr\/wp-content\/uploads\/2015\/08\/image-caption-8.jpg 420w, https:\/\/youpoxy.fr\/wp-content\/uploads\/2015\/08\/image-caption-8-300x154.jpg 300w, https:\/\/youpoxy.fr\/wp-content\/uploads\/2015\/08\/image-caption-8-18x9.jpg 18w\" sizes=\"(max-width: 420px) 100vw, 420px\" \/><\/div><\/div><\/div><\/div><\/div><div class=\"rs_col-sm-6 wpb_column vc_column_container vc_col-sm-3\"><div class=\"vc_column-inner\"><div class=\"wpb_wrapper\"><div class='dt-sc-image-caption type2'><div class='dt-sc-image-content'><div class='dt-sc-image-title'><h3>Un suivi personnalis\u00e9<\/h3><\/div>Quisque volutpat mattis eros. \u00a0Nullam malesuada erat ut turpis.<\/div><div class='dt-sc-image-wrapper'><img width=\"420\" height=\"216\" src=\"https:\/\/youpoxy.fr\/wp-content\/uploads\/2015\/08\/image-caption-9.jpg\" class=\"attachment-full\" alt=\"\" decoding=\"async\" loading=\"lazy\" title=\"image-caption-9\" srcset=\"https:\/\/youpoxy.fr\/wp-content\/uploads\/2015\/08\/image-caption-9.jpg 420w, https:\/\/youpoxy.fr\/wp-content\/uploads\/2015\/08\/image-caption-9-300x154.jpg 300w, https:\/\/youpoxy.fr\/wp-content\/uploads\/2015\/08\/image-caption-9-18x9.jpg 18w\" sizes=\"(max-width: 420px) 100vw, 420px\" \/><\/div><\/div><\/div><\/div><\/div><div class=\"rs_col-sm-6 wpb_column vc_column_container vc_col-sm-3\"><div class=\"vc_column-inner\"><div class=\"wpb_wrapper\"><div class='dt-sc-image-caption type2'><div class='dt-sc-image-content'><div class='dt-sc-image-title'><h3>Une flexibilit\u00e9 dans les choix<\/h3><\/div>Quisque volutpat mattis eros. \u00a0Nullam malesuada erat ut turpis.<\/div><div class='dt-sc-image-wrapper'><img width=\"420\" height=\"216\" src=\"https:\/\/youpoxy.fr\/wp-content\/uploads\/2015\/08\/image-caption-10.jpg\" class=\"attachment-full\" alt=\"\" decoding=\"async\" loading=\"lazy\" title=\"image-caption-10\" srcset=\"https:\/\/youpoxy.fr\/wp-content\/uploads\/2015\/08\/image-caption-10.jpg 420w, https:\/\/youpoxy.fr\/wp-content\/uploads\/2015\/08\/image-caption-10-300x154.jpg 300w, https:\/\/youpoxy.fr\/wp-content\/uploads\/2015\/08\/image-caption-10-18x9.jpg 18w\" sizes=\"(max-width: 420px) 100vw, 420px\" \/><\/div><\/div><\/div><\/div><\/div><div class=\"rs_col-sm-6 wpb_column vc_column_container vc_col-sm-3\"><div class=\"vc_column-inner\"><div class=\"wpb_wrapper\"><div class='dt-sc-image-caption type2'><div class='dt-sc-image-content'><div class='dt-sc-image-title'><h3>Une disponibilit\u00e9 permanente<\/h3><\/div>Quisque volutpat mattis eros.Nullam malesuada erat ut turpis.<\/div><div class='dt-sc-image-wrapper'><img width=\"420\" height=\"216\" src=\"https:\/\/youpoxy.fr\/wp-content\/uploads\/2015\/08\/image-caption-11.jpg\" class=\"attachment-full\" alt=\"\" decoding=\"async\" loading=\"lazy\" title=\"image-caption-11\" srcset=\"https:\/\/youpoxy.fr\/wp-content\/uploads\/2015\/08\/image-caption-11.jpg 420w, https:\/\/youpoxy.fr\/wp-content\/uploads\/2015\/08\/image-caption-11-300x154.jpg 300w, https:\/\/youpoxy.fr\/wp-content\/uploads\/2015\/08\/image-caption-11-18x9.jpg 18w\" sizes=\"(max-width: 420px) 100vw, 420px\" \/><\/div><\/div><\/div><\/div><\/div><\/div><div class='dt-sc-hr-invisible-xlarge'> <\/div><\/div><\/div><\/div><\/div><div class=\"vc_row wpb_row vc_row-fluid vc_custom_1676992247827\"><div class=\"aligncenter wpb_column vc_column_container vc_col-sm-12\"><div class=\"vc_column-inner\"><div class=\"wpb_wrapper\"><div class='dt-sc-hr-invisible-small'> <\/div><div class='dt-sc-small-separator'><\/div><h2>READY TO GET STARTED?<\/h2><div class='dt-sc-hr-invisible-xsmall'> <\/div><div class='dt-sc-clear'> <\/div><a href='https:\/\/youpoxy.fr\/en_en\/contact\/' target='' title='' class='dt-sc-button   xlarge   filled bounce dt-sc-expand dt-sc-expand-middle'  style=\"color:#0a0a0a;\">CONTACT U.S <\/a><\/div><\/div><\/div><\/div><div class=\"vc_row wpb_row vc_row-fluid vc_custom_1676984311299\"><div class=\"aligncenter wpb_column vc_column_container vc_col-sm-12\"><div class=\"vc_column-inner\"><div class=\"wpb_wrapper\"><div class='dt-sc-hr-invisible-small'> <\/div><div class='dt-sc-small-separator'><\/div><h2>NEWSLETTER<\/h2><div class='dt-sc-hr-invisible-xsmall'> <\/div><div class='dt-sc-clear'> <\/div><div class='dt-sc-newsletter-section type1'><div class=\"newsletter-text\"><p><i class=\"fa fa-envelope-o\"><\/i>Join our community and be the first to know about all our news, competitions and possible promotions.<\/p><\/div><form class=\"dt-sc-subscribe-frm\" action=\"#\" method=\"post\" data-trp-original-action=\"#\"><input type='email' name='dt_mc_emailid' id='dt_mc_emailid' required placeholder='Mail address*'><input type='hidden' name='dt_mc_apikey' id='dt_mc_apikey' value='d3d7a26ead54f05231ea2bc76ab95f00-us21' \/><input type='hidden' name='dt_mc_listid' id='dt_mc_listid' value='2671371f08' \/><input type='submit' name='mc_submit' value='SUBSCRIBE'><input type=\"hidden\" name=\"trp-form-language\" value=\"en_en\"\/><\/form><div class=\"dt_ajax_subscribe_msg\"><\/div><\/div><\/div><\/div><\/div><\/div>\n<\/section>","protected":false},"excerpt":{"rendered":"VOTRE PROJET \u00c0 vos c\u00f4t\u00e9s pour vous aider \u00e0 transformer vos id\u00e9es en cr\u00e9ations personnalis\u00e9es. UN ACCOMPAGNEMENT SUR MESURE Une expertise techniqueQuisque volutpat mattis eros. \u00a0Nullam malesuada erat ut turpis.Un suivi personnalis\u00e9Quisque volutpat mattis eros. \u00a0Nullam malesuada erat ut turpis.Une flexibilit\u00e9 dans les choixQuisque volutpat mattis eros. \u00a0Nullam malesuada erat ut turpis.Une disponibilit\u00e9 permanenteQuisque volutpat [...]","protected":false},"author":1,"featured_media":0,"parent":0,"menu_order":0,"comment_status":"open","ping_status":"open","template":"","meta":[],"aioseo_notices":[],"_links":{"self":[{"href":"https:\/\/youpoxy.fr\/en_en\/wp-json\/wp\/v2\/pages\/8538"}],"collection":[{"href":"https:\/\/youpoxy.fr\/en_en\/wp-json\/wp\/v2\/pages"}],"about":[{"href":"https:\/\/youpoxy.fr\/en_en\/wp-json\/wp\/v2\/types\/page"}],"author":[{"embeddable":true,"href":"https:\/\/youpoxy.fr\/en_en\/wp-json\/wp\/v2\/users\/1"}],"replies":[{"embeddable":true,"href":"https:\/\/youpoxy.fr\/en_en\/wp-json\/wp\/v2\/comments?post=8538"}],"version-history":[{"count":11,"href":"https:\/\/youpoxy.fr\/en_en\/wp-json\/wp\/v2\/pages\/8538\/revisions"}],"predecessor-version":[{"id":8554,"href":"https:\/\/youpoxy.fr\/en_en\/wp-json\/wp\/v2\/pages\/8538\/revisions\/8554"}],"wp:attachment":[{"href":"https:\/\/youpoxy.fr\/en_en\/wp-json\/wp\/v2\/media?parent=8538"}],"curies":[{"name":"wp","href":"https:\/\/api.w.org\/{rel}","templated":true}]}}