{"id":8163,"date":"2023-02-20T11:46:56","date_gmt":"2023-02-20T11:46:56","guid":{"rendered":"https:\/\/youpoxy.fr\/?page_id=8163"},"modified":"2023-11-02T11:29:44","modified_gmt":"2023-11-02T11:29:44","slug":"professionnels","status":"publish","type":"page","link":"https:\/\/youpoxy.fr\/en_en\/professionnels\/","title":{"rendered":"Professionals"},"content":{"rendered":"<section class=\"wpb-content-wrapper\"><div class=\"vc_row wpb_row vc_row-fluid vc_custom_1679586056199\"><div class=\"wpb_column vc_column_container vc_col-sm-12\"><div class=\"vc_column-inner\"><div class=\"wpb_wrapper\">\n\t<div class=\"wpb_text_column wpb_content_element  vc_custom_1676987911849 vc-sub-title\" >\n\t\t<div class=\"wpb_wrapper\">\n\t\t\t<p>Transform your reception space with a custom decoration in epoxy resin<\/p>\n\n\t\t<\/div>\n\t<\/div>\n\n\t<div  class=\"wpb_single_image wpb_content_element vc_align_center\">\n\t\t\n\t\t<figure class=\"wpb_wrapper vc_figure\">\n\t\t\t<div class=\"vc_single_image-wrapper   vc_box_border_grey\"><img width=\"496\" height=\"19\" src=\"https:\/\/youpoxy.fr\/wp-content\/uploads\/2016\/03\/title-line.png\" class=\"vc_single_image-img attachment-full\" alt=\"title-line\" decoding=\"async\" loading=\"lazy\" title=\"title-line\" srcset=\"https:\/\/youpoxy.fr\/wp-content\/uploads\/2016\/03\/title-line.png 496w, https:\/\/youpoxy.fr\/wp-content\/uploads\/2016\/03\/title-line-300x11.png 300w, https:\/\/youpoxy.fr\/wp-content\/uploads\/2016\/03\/title-line-18x1.png 18w\" sizes=\"(max-width: 496px) 100vw, 496px\" \/><\/div>\n\t\t<\/figure>\n\t<\/div>\n<\/div><\/div><\/div><\/div><div class=\"vc_row wpb_row vc_row-fluid vc_custom_1679585942478\"><div class=\"wpb_column vc_column_container vc_col-sm-12\"><div class=\"vc_column-inner\"><div class=\"wpb_wrapper\">\n\t<div class=\"wpb_text_column wpb_content_element\" >\n\t\t<div class=\"wpb_wrapper\">\n\t\t\t<p style=\"text-align: center;\">Vous \u00eates \u00e0 la recherche d&#8217;un partenaire fiable pour habiller votre \u00e9tablissement\u00a0 ? <strong>Look no further!<\/strong><\/p>\n<p style=\"text-align: center;\">At Youpoxy, we understand the challenges faced by professionals in the hospitality sector.<\/p>\n<p style=\"text-align: center;\">Vous avez besoin de mobilier durable, mais vous voulez \u00e9galement que votre d\u00e9coration soit en phase avec votre image de marque et refl\u00e8te votre style.<\/p>\n\n\t\t<\/div>\n\t<\/div>\n<\/div><\/div><\/div><\/div><div class=\"vc_row wpb_row vc_row-fluid vc_custom_1676989175032\"><div class=\"wpb_column vc_column_container vc_col-sm-12\"><div class=\"vc_column-inner\"><div class=\"wpb_wrapper\">\n\t<div class=\"wpb_text_column wpb_content_element  vc_custom_1676986388012 aligncenter\" >\n\t\t<div class=\"wpb_wrapper\">\n\t\t\t<div class='dt-sc-small-separator'><\/div>\n<h2>THEY TRUSTED US<\/h2>\n\n\t\t<\/div>\n\t<\/div>\n<div class='dt-sc-hr-invisible-xsmall'> <\/div><div class=\"dt-sc-partners-carousel-wrapper\" data-scroll=\"1\" data-visible=\"5\"><ul class='dt-sc-partners-carousel'><li><img width=\"187\" height=\"108\" src=\"https:\/\/youpoxy.fr\/wp-content\/uploads\/tortola-logo-e1676986322610.png\" class=\"attachment-full\" alt=\"\" decoding=\"async\" loading=\"lazy\" title=\"tortola logo\" srcset=\"https:\/\/youpoxy.fr\/wp-content\/uploads\/tortola-logo-e1676986322610.png 187w, https:\/\/youpoxy.fr\/wp-content\/uploads\/tortola-logo-e1676986322610-18x10.png 18w\" sizes=\"(max-width: 187px) 100vw, 187px\" \/><\/li><li><img width=\"157\" height=\"108\" src=\"https:\/\/youpoxy.fr\/wp-content\/uploads\/2015\/06\/brand2.png\" class=\"attachment-full\" alt=\"brand2\" decoding=\"async\" loading=\"lazy\" title=\"brand2\" srcset=\"https:\/\/youpoxy.fr\/wp-content\/uploads\/2015\/06\/brand2.png 157w, https:\/\/youpoxy.fr\/wp-content\/uploads\/2015\/06\/brand2-18x12.png 18w\" sizes=\"(max-width: 157px) 100vw, 157px\" \/><\/li><li><img width=\"123\" height=\"108\" src=\"https:\/\/youpoxy.fr\/wp-content\/uploads\/2015\/06\/brand3.png\" class=\"attachment-full\" alt=\"brand3\" decoding=\"async\" loading=\"lazy\" title=\"brand3\" srcset=\"https:\/\/youpoxy.fr\/wp-content\/uploads\/2015\/06\/brand3.png 123w, https:\/\/youpoxy.fr\/wp-content\/uploads\/2015\/06\/brand3-14x12.png 14w\" sizes=\"(max-width: 123px) 100vw, 123px\" \/><\/li><li><img width=\"174\" height=\"108\" src=\"https:\/\/youpoxy.fr\/wp-content\/uploads\/2015\/06\/brand5.png\" class=\"attachment-full\" alt=\"brand5\" decoding=\"async\" loading=\"lazy\" title=\"brand5\" srcset=\"https:\/\/youpoxy.fr\/wp-content\/uploads\/2015\/06\/brand5.png 174w, https:\/\/youpoxy.fr\/wp-content\/uploads\/2015\/06\/brand5-18x12.png 18w\" sizes=\"(max-width: 174px) 100vw, 174px\" \/><\/li><li><img width=\"196\" height=\"108\" src=\"https:\/\/youpoxy.fr\/wp-content\/uploads\/2015\/06\/brand6.png\" class=\"attachment-full\" alt=\"brand6\" decoding=\"async\" loading=\"lazy\" title=\"brand6\" srcset=\"https:\/\/youpoxy.fr\/wp-content\/uploads\/2015\/06\/brand6.png 196w, https:\/\/youpoxy.fr\/wp-content\/uploads\/2015\/06\/brand6-18x10.png 18w\" sizes=\"(max-width: 196px) 100vw, 196px\" \/><\/li><li><img width=\"189\" height=\"108\" src=\"https:\/\/youpoxy.fr\/wp-content\/uploads\/2015\/06\/brand7.png\" class=\"attachment-full\" alt=\"brand7\" decoding=\"async\" loading=\"lazy\" title=\"brand7\" srcset=\"https:\/\/youpoxy.fr\/wp-content\/uploads\/2015\/06\/brand7.png 189w, https:\/\/youpoxy.fr\/wp-content\/uploads\/2015\/06\/brand7-18x10.png 18w\" sizes=\"(max-width: 189px) 100vw, 189px\" \/><\/li><li><img width=\"255\" height=\"108\" src=\"https:\/\/youpoxy.fr\/wp-content\/uploads\/2015\/06\/brand8.png\" class=\"attachment-full\" alt=\"brand8\" decoding=\"async\" loading=\"lazy\" title=\"brand8\" srcset=\"https:\/\/youpoxy.fr\/wp-content\/uploads\/2015\/06\/brand8.png 255w, https:\/\/youpoxy.fr\/wp-content\/uploads\/2015\/06\/brand8-18x8.png 18w\" sizes=\"(max-width: 255px) 100vw, 255px\" \/><\/li><\/ul><div class=\"carousel-arrows\"><a href=\"\" class=\"partners-prev\"> <\/a><a href=\"\" class=\"partners-next\"> <\/a><\/div><\/div><div class='dt-sc-hr-invisible-large'> <\/div><\/div><\/div><\/div><\/div><div data-vc-full-width=\"true\" data-vc-full-width-init=\"false\" data-vc-stretch-content=\"true\" class=\"vc_row wpb_row vc_row-fluid vc_custom_1676991151321\"><div class=\"dt-sc-stretch-row-content\"><div class=\"wpb_column vc_column_container vc_col-sm-12\"><div class=\"vc_column-inner\"><div class=\"wpb_wrapper\"><div class=\"dt-sc-testimonial-wrapper\"><div class='dt-sc-testimonial type3'><div class=\"dt-sc-testimonial-author\"><span><img width=\"2048\" height=\"1928\" src=\"https:\/\/youpoxy.fr\/wp-content\/uploads\/logo-tatie-cbd.jpg\" class=\"attachment-full\" alt=\"\" decoding=\"async\" loading=\"lazy\" title=\"logo-tatie-cbd\" srcset=\"https:\/\/youpoxy.fr\/wp-content\/uploads\/logo-tatie-cbd.jpg 2048w, https:\/\/youpoxy.fr\/wp-content\/uploads\/logo-tatie-cbd-300x282.jpg 300w, https:\/\/youpoxy.fr\/wp-content\/uploads\/logo-tatie-cbd-1024x964.jpg 1024w, https:\/\/youpoxy.fr\/wp-content\/uploads\/logo-tatie-cbd-768x723.jpg 768w, https:\/\/youpoxy.fr\/wp-content\/uploads\/logo-tatie-cbd-1536x1446.jpg 1536w, https:\/\/youpoxy.fr\/wp-content\/uploads\/logo-tatie-cbd-13x12.jpg 13w, https:\/\/youpoxy.fr\/wp-content\/uploads\/logo-tatie-cbd-500x471.jpg 500w\" sizes=\"(max-width: 2048px) 100vw, 2048px\" \/><\/span><cite>Luka,<small>G\u00e9rant | TATIE CBD<\/small><\/cite><\/div><div class=\"dt-sc-testimonial-quote\"><blockquote><q>Je souhaite remercier Youpoxy pour son professionnalisme ainsi que d\u2019avoir respect\u00e9 toutes mes attentes avec soins.\n<br>\nTout est fait main et 100 % personnalis\u00e9 en fonction de vos demandes.\n<br>\nComme on dit la d\u00e9coration \u00e9veille les sens, mais surtout rend l\u2019ordinaire extraordinaire.<\/p>\n<p>&nbsp;<\/p><\/q><\/blockquote><\/div><\/div><\/div><\/div><\/div><\/div><\/div><\/div><div class=\"vc_row-full-width vc_clearfix\"><\/div><div data-vc-full-width=\"true\" data-vc-full-width-init=\"false\" class=\"vc_row wpb_row vc_row-fluid dt-sc-dropcap-wrapper vc_custom_1676992353051\"><div class=\"wpb_column vc_column_container vc_col-sm-4\"><div class=\"vc_column-inner\"><div class=\"wpb_wrapper\"><div class='dt-sc-dropcap-container'><span class='dt-sc-dropcap dt-sc-dropcap-default' >The CHR<\/span><\/div>\n\t<div class=\"wpb_text_column wpb_content_element\" >\n\t\t<div class=\"wpb_wrapper\">\n\t\t\t<p>CHR (Caf\u00e9s, Hotels, Restaurants) are a target that we know well. This is why we offer you personalized solutions for the decoration of your business.<\/p>\n<p>We sublimate your decoration by bringing the existing graphic universe to the tables, bar counters, coffee tables or any other object present within your establishment.<\/p>\n\n\t\t<\/div>\n\t<\/div>\n<\/div><\/div><\/div><div class=\"wpb_column vc_column_container vc_col-sm-8\"><div class=\"vc_column-inner vc_custom_1676990800385\"><div class=\"wpb_wrapper\"><div class='dt-sc-dropcap-container'><span class='dt-sc-dropcap dt-sc-dropcap-default' >Our expertise<\/span><\/div>\n\t<div class=\"wpb_text_column wpb_content_element\" >\n\t\t<div class=\"wpb_wrapper\">\n\t\t\t<p>You can count on our experience to offer you superior quality products at a competitive price.<br \/>\nFor each project, we are committed to working closely with you to understand your needs and offer you a solution that meets your expectations.<\/p>\n<p>Choosing YouPoxy means choosing quality and customization!<\/p>\n<p>Offer your customers a unique experience by investing in durable and personalized decorative objects. Contact us today to learn more about our solutions for CHR.<\/p>\n\n\t\t<\/div>\n\t<\/div>\n<\/div><\/div><\/div><\/div><div class=\"vc_row-full-width vc_clearfix\"><\/div><div class=\"vc_row wpb_row vc_row-fluid vc_custom_1676990992093\"><div class=\"wpb_column vc_column_container vc_col-sm-12\"><div class=\"vc_column-inner\"><div class=\"wpb_wrapper\">\n\t<div class=\"wpb_text_column wpb_content_element  vc_custom_1676991188177 aligncenter\" >\n\t\t<div class=\"wpb_wrapper\">\n\t\t\t<div class='dt-sc-small-separator'><\/div>\n<h2>tell us about your project<\/h2>\n\n\t\t<\/div>\n\t<\/div>\n<div class='dt-sc-hr-invisible-medium'> <\/div><div class='dt-sc-hr-invisible-small'> <\/div><div class='dt-sc-clear'> <\/div>\n<div class=\"wpcf7 no-js\" id=\"wpcf7-f8285-o1\" lang=\"en-US\" dir=\"ltr\">\n<div class=\"screen-reader-response\"><p role=\"status\" aria-live=\"polite\" aria-atomic=\"true\"><\/p> <ul><\/ul><\/div>\n<form action=\"\/en_en\/wp-json\/wp\/v2\/pages\/8163#wpcf7-f8285-o1\" method=\"post\" class=\"wpcf7-form init\" aria-label=\"Contact form\" novalidate=\"novalidate\" data-status=\"init\" data-trp-original-action=\"\/en_en\/wp-json\/wp\/v2\/pages\/8163#wpcf7-f8285-o1\">\n<div style=\"display: none;\">\n<input type=\"hidden\" name=\"_wpcf7\" value=\"8285\" \/>\n<input type=\"hidden\" name=\"_wpcf7_version\" value=\"5.7.7\" \/>\n<input type=\"hidden\" name=\"_wpcf7_locale\" value=\"en_US\" \/>\n<input type=\"hidden\" name=\"_wpcf7_unit_tag\" value=\"wpcf7-f8285-o1\" \/>\n<input type=\"hidden\" name=\"_wpcf7_container_post\" value=\"0\" \/>\n<input type=\"hidden\" name=\"_wpcf7_posted_data_hash\" value=\"\" \/>\n<\/div>\n<div class=\"uacf7-form-8285\"><div class=\"wpb_column vc_column_container vc_col-sm-4\"><div class=\"vc_column-inner\"><div class=\"wpb_wrapper\"><span class=\"wpcf7-form-control-wrap\" data-name=\"Name\"><input size=\"40\" class=\"wpcf7-form-control wpcf7-text wpcf7-validates-as-required\" aria-required=\"true\" aria-invalid=\"false\" placeholder=\"Last name First Name*\" value=\"\" type=\"text\" name=\"Name\" \/><\/span><\/div><\/div><\/div><div class=\"wpb_column vc_column_container vc_col-sm-4\"><div class=\"vc_column-inner\"><div class=\"wpb_wrapper\"><span class=\"wpcf7-form-control-wrap\" data-name=\"Email\"><input size=\"40\" class=\"wpcf7-form-control wpcf7-text wpcf7-email wpcf7-validates-as-required wpcf7-validates-as-email\" aria-required=\"true\" aria-invalid=\"false\" placeholder=\"Mail address*\" value=\"\" type=\"email\" name=\"Email\" \/><\/span><\/div><\/div><\/div><div class=\"wpb_column vc_column_container vc_col-sm-4\"><div class=\"vc_column-inner\"><div class=\"wpb_wrapper\"><span class=\"wpcf7-form-control-wrap\" data-name=\"tel\"><input size=\"40\" class=\"wpcf7-form-control wpcf7-text wpcf7-validates-as-required\" aria-required=\"true\" aria-invalid=\"false\" placeholder=\"Phone*\" value=\"\" type=\"text\" name=\"tel\" \/><\/span><\/div><\/div><\/div><div class=\"wpb_column vc_column_container vc_col-sm-12\"><div class=\"vc_column-inner\"><div class=\"wpb_wrapper\"><div class=\"vc_empty_space\"   style=\"height: 20px\"><span class=\"vc_empty_space_inner\"><\/span><\/div><\/div><\/div><\/div><div class=\"wpb_column vc_column_container vc_col-sm-12\"><div class=\"vc_column-inner\"><div class=\"wpb_wrapper\"><span class=\"wpcf7-form-control-wrap\" data-name=\"Message\"><textarea cols=\"40\" rows=\"10\" class=\"wpcf7-form-control wpcf7-textarea wpcf7-validates-as-required\" aria-required=\"true\" aria-invalid=\"false\" placeholder=\"Explain your project idea as well as possible*\" name=\"Message\"><\/textarea><\/span><\/div><\/div><\/div><div class=\"wpb_column vc_column_container vc_col-sm-12\"><div class=\"vc_column-inner\"><div class=\"wpb_wrapper\"><div class=\"vc_empty_space\"   style=\"height: 20px\"><span class=\"vc_empty_space_inner\"><\/span><\/div><\/div><\/div><\/div><div class=\"wpb_column vc_column_container vc_col-sm-12\"><div class=\"vc_column-inner\"><div class=\"wpb_wrapper\"><input class=\"wpcf7-form-control has-spinner wpcf7-submit\" type=\"submit\" value=\"Send\" \/><\/div><\/div><\/div><\/div><div class=\"wpcf7-response-output\" aria-hidden=\"true\"><\/div>\n<input type=\"hidden\" name=\"trp-form-language\" value=\"en_en\"\/><\/form>\n<\/div>\n<\/div><\/div><\/div><\/div><div class=\"vc_row wpb_row vc_row-fluid vc_custom_1676984236318\"><div class=\"aligncenter wpb_column vc_column_container vc_col-sm-12\"><div class=\"vc_column-inner\"><div class=\"wpb_wrapper\"><div class='dt-sc-hr-invisible-small'> <\/div><div class='dt-sc-small-separator'><\/div><h2>NEED MORE INFO?<\/h2><div class='dt-sc-hr-invisible-xsmall'> <\/div><div class='dt-sc-clear'> <\/div><a href='https:\/\/youpoxy.fr\/en_en\/contact\/' target='' title='' class='dt-sc-button   xlarge   filled bounce dt-sc-expand dt-sc-expand-middle'  style=\"color:#0a0a0a;\">CONTACT <\/a><\/div><\/div><\/div><\/div>\n<\/section>","protected":false},"excerpt":{"rendered":"Transformez votre espace d'accueil avec une d\u00e9coration sur mesure en r\u00e9sine \u00e9poxy Vous \u00eates \u00e0 la recherche d'un partenaire fiable pour habiller votre \u00e9tablissement\u00a0 ? Look no further ! Chez Youpoxy, nous comprenons les d\u00e9fis auxquels sont confront\u00e9s les professionnels du secteur des CHR. Vous avez besoin de mobilier durable, mais vous voulez \u00e9galement que [...]","protected":false},"author":1,"featured_media":0,"parent":0,"menu_order":0,"comment_status":"open","ping_status":"open","template":"","meta":[],"aioseo_notices":[],"_links":{"self":[{"href":"https:\/\/youpoxy.fr\/en_en\/wp-json\/wp\/v2\/pages\/8163"}],"collection":[{"href":"https:\/\/youpoxy.fr\/en_en\/wp-json\/wp\/v2\/pages"}],"about":[{"href":"https:\/\/youpoxy.fr\/en_en\/wp-json\/wp\/v2\/types\/page"}],"author":[{"embeddable":true,"href":"https:\/\/youpoxy.fr\/en_en\/wp-json\/wp\/v2\/users\/1"}],"replies":[{"embeddable":true,"href":"https:\/\/youpoxy.fr\/en_en\/wp-json\/wp\/v2\/comments?post=8163"}],"version-history":[{"count":48,"href":"https:\/\/youpoxy.fr\/en_en\/wp-json\/wp\/v2\/pages\/8163\/revisions"}],"predecessor-version":[{"id":8693,"href":"https:\/\/youpoxy.fr\/en_en\/wp-json\/wp\/v2\/pages\/8163\/revisions\/8693"}],"wp:attachment":[{"href":"https:\/\/youpoxy.fr\/en_en\/wp-json\/wp\/v2\/media?parent=8163"}],"curies":[{"name":"wp","href":"https:\/\/api.w.org\/{rel}","templated":true}]}}