{"id":8161,"date":"2023-02-20T11:46:15","date_gmt":"2023-02-20T11:46:15","guid":{"rendered":"https:\/\/youpoxy.fr\/?page_id=8161"},"modified":"2023-03-23T15:35:48","modified_gmt":"2023-03-23T15:35:48","slug":"realisations","status":"publish","type":"page","link":"https:\/\/youpoxy.fr\/en_en\/realisations\/","title":{"rendered":"Achievements"},"content":{"rendered":"<section class=\"wpb-content-wrapper\"><div class=\"vc_row wpb_row vc_row-fluid\"><div class=\"wpb_column vc_column_container vc_col-sm-12\"><div class=\"vc_column-inner\"><div class=\"wpb_wrapper\"><h2 style=\"font-size: 70px;line-height: normal;text-align: center;font-family:Josefin Sans;font-weight:100;font-style:normal\" class=\"vc_custom_heading vc_custom_1676998017262\" >NOS CR\u00c9ATIONS<\/h2>\n\t<div class=\"wpb_text_column wpb_content_element  vc_custom_1676998065117 vc-sub-title\" >\n\t\t<div class=\"wpb_wrapper\">\n\t\t\t<p>Des objets de d\u00e9coration en r\u00e9sine \u00e9poxy durables et personnalis\u00e9s<\/p>\n\n\t\t<\/div>\n\t<\/div>\n\n\t<div  class=\"wpb_single_image wpb_content_element vc_align_center\">\n\t\t\n\t\t<figure class=\"wpb_wrapper vc_figure\">\n\t\t\t<div class=\"vc_single_image-wrapper   vc_box_border_grey\"><img width=\"496\" height=\"19\" src=\"https:\/\/youpoxy.fr\/wp-content\/uploads\/2016\/03\/title-line.png\" class=\"vc_single_image-img attachment-full\" alt=\"title-line\" decoding=\"async\" loading=\"lazy\" title=\"title-line\" srcset=\"https:\/\/youpoxy.fr\/wp-content\/uploads\/2016\/03\/title-line.png 496w, https:\/\/youpoxy.fr\/wp-content\/uploads\/2016\/03\/title-line-300x11.png 300w, https:\/\/youpoxy.fr\/wp-content\/uploads\/2016\/03\/title-line-18x1.png 18w\" sizes=\"(max-width: 496px) 100vw, 496px\" \/><\/div>\n\t\t<\/figure>\n\t<\/div>\n<\/div><\/div><\/div><\/div><div class=\"vc_row wpb_row vc_row-fluid vc_custom_1676851648266\"><div class=\"wpb_column vc_column_container vc_col-sm-12\"><div class=\"vc_column-inner\"><div class=\"wpb_wrapper\">\n\t<div class=\"wpb_text_column wpb_content_element\" >\n\t\t<div class=\"wpb_wrapper\">\n\t\t\t<p style=\"text-align: center;\">Chez YouPoxy, nous sommes fiers de notre savoir-faire. Chaque objet est cr\u00e9\u00e9 sur mesure en fonction des sp\u00e9cifications du client, ce qui signifie que chaque objet que nous produisons est unique en son genre.<\/p>\n<p style=\"text-align: center;\">Parcourez notre portfolio pour d\u00e9couvrir certains de nos projets r\u00e9cents et pour vous inspirer pour votre propre projet de d\u00e9coration en r\u00e9sine \u00e9poxy.<\/p>\n\n\t\t<\/div>\n\t<\/div>\n<\/div><\/div><\/div><\/div><div data-vc-full-width=\"true\" data-vc-full-width-init=\"false\" data-vc-stretch-content=\"true\" class=\"vc_row wpb_row vc_row-fluid vc_row-no-padding\"><div class=\"wpb_column vc_column_container vc_col-sm-12\"><div class=\"vc_column-inner\"><div class=\"wpb_wrapper\"><div class=\"dt-sc-portfolio-sorting type3\">\t<a href=\"#\" class=\"active-sort\" title=\"\" data-filter=\".all-sort\">All<\/a><a href=\"#\" data-filter=\".planches-de-presentation-sort\">PLANCHES DE PR\u00c9SENTATION<\/a><a href=\"#\" data-filter=\".plateaux-sort\">Plateaux<\/a><\/div><div class=\"dt-sc-portfolio-container with-space\"><div id=\"dt_portfolios-8462\" class=\"type3 with-space portfolio column dt-sc-one-third all-sort first planches-de-presentation-sort\">\t<figure>\t\t<img src=\"https:\/\/youpoxy.fr\/wp-content\/uploads\/PLANCHE-DE-PRESENTATION.jpg\" alt=\"PLANCHE AVEC INCRUSTATIONS\" title=\"PLANCHE AVEC INCRUSTATIONS\"\/><div class=\"image-overlay\"><div class=\"links\"><a title=\"PLANCHE AVEC INCRUSTATIONS\" href=\"https:\/\/youpoxy.fr\/en_en\/blog\/dt_portfolios\/planche-avec-incrustations\/\">PLANCHE AVEC INCRUSTATIONS<\/a><\/div>\t\t<\/div>\t<\/figure><\/div><div id=\"dt_portfolios-8460\" class=\"type3 with-space portfolio column dt-sc-one-third all-sort plateaux-sort\">\t<figure>\t\t<img src=\"https:\/\/youpoxy.fr\/wp-content\/uploads\/SURF-ET-BOIS-e1677869044267.jpg\" alt=\"SURF &#038; BOIS\" title=\"SURF &#038; BOIS\"\/><div class=\"image-overlay\"><div class=\"links\"><a title=\"SURF &#038; BOIS\" href=\"https:\/\/youpoxy.fr\/en_en\/blog\/dt_portfolios\/surf-bois\/\">SURF &#038; BOIS<\/a><\/div>\t\t<\/div>\t<\/figure><\/div><div id=\"dt_portfolios-8458\" class=\"type3 with-space portfolio column dt-sc-one-third all-sort plateaux-sort\">\t<figure>\t\t<img src=\"https:\/\/youpoxy.fr\/wp-content\/uploads\/SURF-GALETS.jpg\" alt=\"SURF &#038; GALETS\" title=\"SURF &#038; GALETS\"\/><div class=\"image-overlay\"><div class=\"links\"><a title=\"SURF &#038; GALETS\" href=\"https:\/\/youpoxy.fr\/en_en\/blog\/dt_portfolios\/surf-galets\/\">SURF &#038; GALETS<\/a><\/div>\t\t<\/div>\t<\/figure><\/div><div id=\"dt_portfolios-8456\" class=\"type3 with-space portfolio column dt-sc-one-third all-sort first plateaux-sort\">\t<figure>\t\t<img src=\"https:\/\/youpoxy.fr\/wp-content\/uploads\/RVIERE-DOUBLE.jpg\" alt=\"RIVI\u00c8RE DOUBLE AVEC \u00ceLOT CENTRAL\" title=\"RIVI\u00c8RE DOUBLE AVEC \u00ceLOT CENTRAL\"\/><div class=\"image-overlay\"><div class=\"links\"><a title=\"RIVI\u00c8RE DOUBLE AVEC \u00ceLOT CENTRAL\" href=\"https:\/\/youpoxy.fr\/en_en\/blog\/dt_portfolios\/riviere-double-avec-ilot-central\/\">RIVI\u00c8RE DOUBLE AVEC \u00ceLOT CENTRAL<\/a><\/div>\t\t<\/div>\t<\/figure><\/div><div id=\"dt_portfolios-8454\" class=\"type3 with-space portfolio column dt-sc-one-third all-sort plateaux-sort\">\t<figure>\t\t<img src=\"https:\/\/youpoxy.fr\/wp-content\/uploads\/RIVIERE-CENTRALE.jpg\" alt=\"RIVI\u00c8RE CENTRALE\" title=\"RIVI\u00c8RE CENTRALE\"\/><div class=\"image-overlay\"><div class=\"links\"><a title=\"RIVI\u00c8RE CENTRALE\" href=\"https:\/\/youpoxy.fr\/en_en\/blog\/dt_portfolios\/riviere-centrale\/\">RIVI\u00c8RE CENTRALE<\/a><\/div>\t\t<\/div>\t<\/figure><\/div><div id=\"dt_portfolios-8452\" class=\"type3 with-space portfolio column dt-sc-one-third all-sort plateaux-sort\">\t<figure>\t\t<img src=\"https:\/\/youpoxy.fr\/wp-content\/uploads\/RVIERE-DOUBLE-ILOTS.jpg\" alt=\"RIVI\u00c8RE DOUBLE AVEC \u00ceLOTS\" title=\"RIVI\u00c8RE DOUBLE AVEC \u00ceLOTS\"\/><div class=\"image-overlay\"><div class=\"links\"><a title=\"RIVI\u00c8RE DOUBLE AVEC \u00ceLOTS\" href=\"https:\/\/youpoxy.fr\/en_en\/blog\/dt_portfolios\/riviere-double-avec-ilots\/\">RIVI\u00c8RE DOUBLE AVEC \u00ceLOTS<\/a><\/div>\t\t<\/div>\t<\/figure><\/div><div id=\"dt_portfolios-8450\" class=\"type3 with-space portfolio column dt-sc-one-third all-sort first plateaux-sort\">\t<figure>\t\t<img src=\"https:\/\/youpoxy.fr\/wp-content\/uploads\/RONDE-AVEC-INCRUSTATIONS.jpg\" alt=\"RONDE AVEC INCRUSTATIONS\" title=\"RONDE AVEC INCRUSTATIONS\"\/><div class=\"image-overlay\"><div class=\"links\"><a title=\"RONDE AVEC INCRUSTATIONS\" href=\"https:\/\/youpoxy.fr\/en_en\/blog\/dt_portfolios\/ronde-avec-incrustations\/\">RONDE AVEC INCRUSTATIONS<\/a><\/div>\t\t<\/div>\t<\/figure><\/div><div id=\"dt_portfolios-8448\" class=\"type3 with-space portfolio column dt-sc-one-third all-sort plateaux-sort\">\t<figure>\t\t<img src=\"https:\/\/youpoxy.fr\/wp-content\/uploads\/MANSARDE-AVEC-INCRUSTATIONS.jpg\" alt=\"MANSARDE AVEC INCRUSTATIONS\" title=\"MANSARDE AVEC INCRUSTATIONS\"\/><div class=\"image-overlay\"><div class=\"links\"><a title=\"MANSARDE AVEC INCRUSTATIONS\" href=\"https:\/\/youpoxy.fr\/en_en\/blog\/dt_portfolios\/mansarde-avec-incrustations\/\">MANSARDE AVEC INCRUSTATIONS<\/a><\/div>\t\t<\/div>\t<\/figure><\/div><div id=\"dt_portfolios-8438\" class=\"type3 with-space portfolio column dt-sc-one-third all-sort plateaux-sort\">\t<figure>\t\t<img src=\"https:\/\/youpoxy.fr\/wp-content\/uploads\/RIVIERE-DROITE.jpeg\" alt=\"RIVI\u00c8RE DROITE\" title=\"RIVI\u00c8RE DROITE\"\/><div class=\"image-overlay\"><div class=\"links\"><a title=\"RIVI\u00c8RE DROITE\" href=\"https:\/\/youpoxy.fr\/en_en\/blog\/dt_portfolios\/riviere-droite\/\">RIVI\u00c8RE DROITE<\/a><\/div>\t\t<\/div>\t<\/figure><\/div><div id=\"dt_portfolios-8436\" class=\"type3 with-space portfolio column dt-sc-one-third all-sort first plateaux-sort\">\t<figure>\t\t<img src=\"https:\/\/youpoxy.fr\/wp-content\/uploads\/TABLE-EN-CROIX.jpeg\" alt=\"RIVI\u00c8RE EN CROIX\" title=\"RIVI\u00c8RE EN CROIX\"\/><div class=\"image-overlay\"><div class=\"links\"><a title=\"RIVI\u00c8RE EN CROIX\" href=\"https:\/\/youpoxy.fr\/en_en\/blog\/dt_portfolios\/riviere-en-croix\/\">RIVI\u00c8RE EN CROIX<\/a><\/div>\t\t<\/div>\t<\/figure><\/div><div id=\"dt_portfolios-8407\" class=\"type3 with-space portfolio column dt-sc-one-third all-sort plateaux-sort\">\t<figure>\t\t<img src=\"https:\/\/youpoxy.fr\/wp-content\/uploads\/ECLATS-2.jpeg\" alt=\"ECLATS\" title=\"ECLATS\"\/><div class=\"image-overlay\"><div class=\"links\"><a title=\"ECLATS\" href=\"https:\/\/youpoxy.fr\/en_en\/blog\/dt_portfolios\/eclats\/\">ECLATS<\/a><\/div>\t\t<\/div>\t<\/figure><\/div><div id=\"dt_portfolios-68\" class=\"type3 with-space portfolio column dt-sc-one-third all-sort plateaux-sort\">\t<figure>\t\t<img src=\"https:\/\/youpoxy.fr\/wp-content\/uploads\/RIVIERE-ANGLE.jpeg\" alt=\"RIVI\u00c8RE D&#8217;ANGLE\" title=\"RIVI\u00c8RE D&#8217;ANGLE\"\/><div class=\"image-overlay\"><div class=\"links\"><a title=\"RIVI\u00c8RE D&#8217;ANGLE\" href=\"https:\/\/youpoxy.fr\/en_en\/blog\/dt_portfolios\/riviere-angle\/\">RIVI\u00c8RE D&#8217;ANGLE<\/a><\/div>\t\t<\/div>\t<\/figure><\/div><\/div><\/div><\/div><\/div><\/div><div class=\"vc_row-full-width vc_clearfix\"><\/div><div class=\"vc_row wpb_row vc_row-fluid vc_custom_1676998234825\"><div class=\"aligncenter wpb_column vc_column_container vc_col-sm-12\"><div class=\"vc_column-inner\"><div class=\"wpb_wrapper\"><div class='dt-sc-hr-invisible-small'> <\/div><div class='dt-sc-small-separator'><\/div><h2>UN PROJET EN T\u00caTE ?<\/h2><div class='dt-sc-hr-invisible-xsmall'> <\/div><div class='dt-sc-clear'> <\/div><a href='https:\/\/youpoxy.fr\/en_en\/contact\/' target='' title='' class='dt-sc-button vc_custom_1676998214847  xlarge   filled bounce dt-sc-expand dt-sc-expand-middle'  style=\"color:#0a0a0a;\">CONTACT U.S <\/a><\/div><\/div><\/div><\/div>\n<\/section>","protected":false},"excerpt":{"rendered":"","protected":false},"author":1,"featured_media":0,"parent":0,"menu_order":0,"comment_status":"open","ping_status":"open","template":"","meta":[],"aioseo_notices":[],"_links":{"self":[{"href":"https:\/\/youpoxy.fr\/en_en\/wp-json\/wp\/v2\/pages\/8161"}],"collection":[{"href":"https:\/\/youpoxy.fr\/en_en\/wp-json\/wp\/v2\/pages"}],"about":[{"href":"https:\/\/youpoxy.fr\/en_en\/wp-json\/wp\/v2\/types\/page"}],"author":[{"embeddable":true,"href":"https:\/\/youpoxy.fr\/en_en\/wp-json\/wp\/v2\/users\/1"}],"replies":[{"embeddable":true,"href":"https:\/\/youpoxy.fr\/en_en\/wp-json\/wp\/v2\/comments?post=8161"}],"version-history":[{"count":18,"href":"https:\/\/youpoxy.fr\/en_en\/wp-json\/wp\/v2\/pages\/8161\/revisions"}],"predecessor-version":[{"id":8654,"href":"https:\/\/youpoxy.fr\/en_en\/wp-json\/wp\/v2\/pages\/8161\/revisions\/8654"}],"wp:attachment":[{"href":"https:\/\/youpoxy.fr\/en_en\/wp-json\/wp\/v2\/media?parent=8161"}],"curies":[{"name":"wp","href":"https:\/\/api.w.org\/{rel}","templated":true}]}}