{"id":8158,"date":"2023-02-20T11:42:51","date_gmt":"2023-02-20T11:42:51","guid":{"rendered":"https:\/\/youpoxy.fr\/?page_id=8158"},"modified":"2023-03-23T15:46:27","modified_gmt":"2023-03-23T15:46:27","slug":"concept","status":"publish","type":"page","link":"https:\/\/youpoxy.fr\/en_en\/concept\/","title":{"rendered":"Concept"},"content":{"rendered":"<section class=\"wpb-content-wrapper\"><div class=\"vc_row wpb_row vc_row-fluid vc_custom_1678314307918\"><div class=\"wpb_column vc_column_container vc_col-sm-12\"><div class=\"vc_column-inner\"><div class=\"wpb_wrapper\"><h2 style=\"font-size: 70px;line-height: normal;text-align: center;font-family:Josefin Sans;font-weight:100;font-style:normal\" class=\"vc_custom_heading vc_custom_1676902815796\" >YOUR IDEA, IN EPOXY<\/h2>\n\t<div class=\"wpb_text_column wpb_content_element  vc_custom_1676917732264 vc-sub-title\" >\n\t\t<div class=\"wpb_wrapper\">\n\t\t\t<p>Bring all your ideas to life for a unique decoration<\/p>\n\n\t\t<\/div>\n\t<\/div>\n\n\t<div  class=\"wpb_single_image wpb_content_element vc_align_center\">\n\t\t\n\t\t<figure class=\"wpb_wrapper vc_figure\">\n\t\t\t<div class=\"vc_single_image-wrapper   vc_box_border_grey\"><img width=\"496\" height=\"19\" src=\"https:\/\/youpoxy.fr\/wp-content\/uploads\/2016\/03\/title-line.png\" class=\"vc_single_image-img attachment-full\" alt=\"title-line\" decoding=\"async\" loading=\"lazy\" title=\"title-line\" srcset=\"https:\/\/youpoxy.fr\/wp-content\/uploads\/2016\/03\/title-line.png 496w, https:\/\/youpoxy.fr\/wp-content\/uploads\/2016\/03\/title-line-300x11.png 300w, https:\/\/youpoxy.fr\/wp-content\/uploads\/2016\/03\/title-line-18x1.png 18w\" sizes=\"(max-width: 496px) 100vw, 496px\" \/><\/div>\n\t\t<\/figure>\n\t<\/div>\n<\/div><\/div><\/div><\/div><div class=\"vc_row wpb_row vc_row-fluid vc_custom_1676981291952\"><div class=\"wpb_column vc_column_container vc_col-sm-12\"><div class=\"vc_column-inner\"><div class=\"wpb_wrapper\"><div class='dt-sc-hr-invisible-medium'> <\/div>\n\t<div  class=\"wpb_single_image wpb_content_element vc_align_center  wpb_animate_when_almost_visible wpb_zoomIn zoomIn\">\n\t\t\n\t\t<figure class=\"wpb_wrapper vc_figure\">\n\t\t\t<div class=\"vc_single_image-wrapper   vc_box_border_grey\"><img width=\"640\" height=\"360\" src=\"https:\/\/youpoxy.fr\/wp-content\/uploads\/Logo_anime_Youpoxy_GIFF.gif\" class=\"vc_single_image-img attachment-full\" alt=\"\" decoding=\"async\" loading=\"lazy\" title=\"Logo_anim\u00e9_Youpoxy_GIFF\" \/><\/div>\n\t\t<\/figure>\n\t<\/div>\n<div class='dt-sc-hr-invisible-medium'> <\/div>\n\t<div class=\"wpb_text_column wpb_content_element\" >\n\t\t<div class=\"wpb_wrapper\">\n\t\t\t<p style=\"text-align: center;\">Launched by two young entrepreneurs passionate about their profession, YouPoxy aims to make your dreams come true in terms of personalized decoration. With our expertise in epoxy resin, we transform your ideas into durable and aesthetic works of art.<\/p>\n<p style=\"text-align: center;\">Each object is unique, personalized, designed with care and creativity.<br \/>\nWe use the latest techniques and the best materials to offer you high quality products.<\/p>\n<p style=\"text-align: center;\">Join the community and make your interior a space that suits you,<br \/>\nfrom the ground to the ceiling. Imagination is the only limit.<\/p>\n<p style=\"text-align: center;\">We are here to accompany you throughout the process, from the design to the delivery of your object, to offer you a superior service.<\/p>\n<p style=\"text-align: center;\"><em>The estimate of your project is completely free.<\/em><\/p>\n\n\t\t<\/div>\n\t<\/div>\n<\/div><\/div><\/div><\/div><div data-vc-full-width=\"true\" data-vc-full-width-init=\"false\" data-vc-stretch-content=\"true\" data-vc-parallax=\"1.5\" data-vc-parallax-image=\"https:\/\/youpoxy.fr\/wp-content\/uploads\/1675379024349-scaled-e1676918653358.jpg\" class=\"vc_row wpb_row vc_row-fluid vc_custom_1678313846396 vc_row-has-fill vc_row-no-padding vc_row-o-content-middle vc_row-flex vc_general vc_parallax vc_parallax-content-moving\"><div class=\"wpb_column vc_column_container vc_col-sm-12\"><div class=\"vc_column-inner\"><div class=\"wpb_wrapper\"><div class=\"vc_empty_space\"   style=\"height: 180px\"><span class=\"vc_empty_space_inner\"><\/span><\/div><\/div><\/div><\/div><\/div><div class=\"vc_row-full-width vc_clearfix\"><\/div><div class=\"vc_row wpb_row vc_row-fluid\"><div class=\"aligncenter wpb_column vc_column_container vc_col-sm-12\"><div class=\"vc_column-inner\"><div class=\"wpb_wrapper\"><div class='dt-sc-hr-invisible-medium'> <\/div><div class='dt-sc-small-separator'><\/div><h2>MANUFACTURING PROCESS<\/h2><div class='dt-sc-hr-invisible-xsmall'> <\/div><div class='dt-sc-clear'> <\/div><\/div><\/div><\/div><div class=\"wpb_animate_when_almost_visible wpb_fadeIn fadeIn wpb_column vc_column_container vc_col-sm-12\"><div class=\"vc_column-inner\"><div class=\"wpb_wrapper\"><div class='dt-sc-timeline-section type2'><div class='dt-sc-timeline left'><div class=\"column dt-sc-one-half\"><div class=\"dt-sc-timeline-content\"><div class=\"dt-sc-timeline-icon-wrapper\"> <span class=\"fa fa-handshake-o\"> <\/span> <\/div><h2><span>FIRST MEETING<\/span><\/h2>Each project is accompanied by a first meeting, crucial to establish how the idea will translate into reality. The material and the colors are chosen.<\/div><\/div><\/div><div class='dt-sc-timeline right'><div class=\"column dt-sc-one-half\"><div class=\"dt-sc-timeline-content\"><div class=\"dt-sc-timeline-icon-wrapper\"> <span class=\"fa fa-edit\"> <\/span> <\/div><h2><span>DRAWINGS &amp; PROTOTYPES<\/span><\/h2>In order to obtain the closest realization of the basic idea, a template and\/or prototype phase takes place. 3D drawings can be created if needed to refine the proposal.<\/div><\/div><\/div><div class='dt-sc-timeline left'><div class=\"column dt-sc-one-half\"><div class=\"dt-sc-timeline-content\"><div class=\"dt-sc-timeline-icon-wrapper\"> <span class=\"fa fa-lightbulb-o\"> <\/span> <\/div><h2><span>FINAL CHOICE<\/span><\/h2>Once the final details have been defined, the project is irrevocably validated by the client. An estimate is then exchanged and signed. A deposit is paid to start production.<\/div><\/div><\/div><div class='dt-sc-timeline right'><div class=\"column dt-sc-one-half\"><div class=\"dt-sc-timeline-content\"><div class=\"dt-sc-timeline-icon-wrapper\"> <span class=\"fa fa-wrench\"> <\/span> <\/div><h2><span>DESIGN &amp; FINISH<\/span><\/h2>The manufacturing of the project begins, depending on the allocated time, the customer receives photos of the progress. The finishes are then applied to sublimate and protect the object created.<\/div><\/div><\/div><div class='dt-sc-timeline left'><div class=\"column dt-sc-one-half\"><div class=\"dt-sc-timeline-content\"><div class=\"dt-sc-timeline-icon-wrapper\"> <span class=\"fa fa-truck\"> <\/span> <\/div><h2><span>HOME DELIVERY<\/span><\/h2>Via our professional transport partners, we forward the project directly to you. If you are in the Alpes Maritimes we deliver to you in person.<\/div><\/div><\/div><\/div><\/div><\/div><\/div><\/div><div class=\"vc_row wpb_row vc_row-fluid vc_custom_1676979848314\"><div class=\"aligncenter wpb_column vc_column_container vc_col-sm-12\"><div class=\"vc_column-inner\"><div class=\"wpb_wrapper\"><div class='dt-sc-hr-invisible-large'> <\/div><div class='dt-sc-small-separator'><\/div><h2>ATTRIBUTES<\/h2><div class='dt-sc-hr-invisible-xsmall'> <\/div><div class='dt-sc-clear'> <\/div><\/div><\/div><\/div><\/div><div class=\"vc_row wpb_row vc_row-fluid vc_custom_1676984271045\"><div class=\"wpb_column vc_column_container vc_col-sm-6\"><div class=\"vc_column-inner\"><div class=\"wpb_wrapper\"><div class='dt-sc-titled-box'><h6 class='dt-sc-titled-box-title'  style=\"background-color:#0a0a0a;border-color:#0a0a0a;\"> <span class='fa fa-clock-o'><\/span> SUSTAINABLE<\/h6><div class='dt-sc-titled-box-content'>Our epoxy resin is a high quality material, resistant to scratches, water. We also protect it against UV rays. It makes it possible to produce long-lasting pieces, which will survive the years.<\/div><\/div><\/div><\/div><\/div><div class=\"wpb_column vc_column_container vc_col-sm-6\"><div class=\"vc_column-inner\"><div class=\"wpb_wrapper\"><div class='dt-sc-titled-box'><h6 class='dt-sc-titled-box-title'  style=\"background-color:#0a0a0a;border-color:#0a0a0a;\"> <span class='fa fa-refresh'><\/span> ECOLOGICAL<\/h6><div class='dt-sc-titled-box-content'>Today, the majority of objects, particularly decorative, are replaced by new ones. Thanks to the epoxy resin, the objects do not move over time and have a lifespan of around 10 years.<\/div><\/div><\/div><\/div><\/div><div class=\"wpb_column vc_column_container vc_col-sm-6\"><div class=\"vc_column-inner\"><div class=\"wpb_wrapper\"><div class='dt-sc-titled-box'><h6 class='dt-sc-titled-box-title'  style=\"background-color:#0a0a0a;border-color:#0a0a0a;\"> <span class='fa fa-star-o'><\/span> UNIQUE<\/h6><div class='dt-sc-titled-box-content'>In the 21st century, the standardization of decoration has become a dominant trend in the world of housing. It often leads to interiors that are impersonal and devoid of character. With epoxy resin, you have the certainty that no one else will own your object.<\/div><\/div><\/div><\/div><\/div><div class=\"wpb_column vc_column_container vc_col-sm-6\"><div class=\"vc_column-inner\"><div class=\"wpb_wrapper\"><div class='dt-sc-titled-box'><h6 class='dt-sc-titled-box-title'  style=\"background-color:#0a0a0a;border-color:#0a0a0a;\"> <span class='fa fa-pencil'><\/span> PERSONALIZED<\/h6><div class='dt-sc-titled-box-content'>To go further, we suggest that you personalize each object down to the smallest detail. Color of resin, shape of the object, selection of wood species, chosen finish, everything is adaptable to your desires so that your idea is conveyed as faithfully as possible.<\/div><\/div><\/div><\/div><\/div><\/div><div class=\"vc_row wpb_row vc_row-fluid vc_custom_1676992247827\"><div class=\"aligncenter wpb_column vc_column_container vc_col-sm-12\"><div class=\"vc_column-inner\"><div class=\"wpb_wrapper\"><div class='dt-sc-hr-invisible-small'> <\/div><div class='dt-sc-small-separator'><\/div><h2>READY TO GET STARTED?<\/h2><div class='dt-sc-hr-invisible-xsmall'> <\/div><div class='dt-sc-clear'> <\/div><a href='https:\/\/youpoxy.fr\/en_en\/contact\/' target='' title='' class='dt-sc-button   xlarge   filled bounce dt-sc-expand dt-sc-expand-middle'  style=\"color:#0a0a0a;\">CONTACT U.S <\/a><\/div><\/div><\/div><\/div><div class=\"vc_row wpb_row vc_row-fluid vc_custom_1676984311299\"><div class=\"aligncenter wpb_column vc_column_container vc_col-sm-12\"><div class=\"vc_column-inner\"><div class=\"wpb_wrapper\"><div class='dt-sc-hr-invisible-small'> <\/div><div class='dt-sc-small-separator'><\/div><h2>NEWSLETTER<\/h2><div class='dt-sc-hr-invisible-xsmall'> <\/div><div class='dt-sc-clear'> <\/div><div class='dt-sc-newsletter-section type1'><div class=\"newsletter-text\"><p><i class=\"fa fa-envelope-o\"><\/i>Join our community and be the first to know about all our news, competitions and possible promotions.<\/p><\/div><form class=\"dt-sc-subscribe-frm\" action=\"#\" method=\"post\" data-trp-original-action=\"#\"><input type='email' name='dt_mc_emailid' id='dt_mc_emailid' required placeholder='Mail address*'><input type='hidden' name='dt_mc_apikey' id='dt_mc_apikey' value='d3d7a26ead54f05231ea2bc76ab95f00-us21' \/><input type='hidden' name='dt_mc_listid' id='dt_mc_listid' value='2671371f08' \/><input type='submit' name='mc_submit' value='SUBSCRIBE'><input type=\"hidden\" name=\"trp-form-language\" value=\"en_en\"\/><\/form><div class=\"dt_ajax_subscribe_msg\"><\/div><\/div><\/div><\/div><\/div><\/div>\n<\/section>","protected":false},"excerpt":{"rendered":"YOUR IDEA, IN EPOXY Donnez vie \u00e0 toutes vos id\u00e9es pour une d\u00e9coration unique Lanc\u00e9 par deux jeunes entrepreneurs passionn\u00e9s par leur m\u00e9tier, YouPoxy a pour objectif de r\u00e9aliser vos r\u00eaves en mati\u00e8re de d\u00e9coration personnalis\u00e9e. Avec notre expertise en r\u00e9sine \u00e9poxy, nous transformons vos id\u00e9es en \u0153uvres d'art durables et esth\u00e9tiques. Chaque objet est [...]","protected":false},"author":1,"featured_media":0,"parent":0,"menu_order":0,"comment_status":"open","ping_status":"open","template":"","meta":[],"aioseo_notices":[],"_links":{"self":[{"href":"https:\/\/youpoxy.fr\/en_en\/wp-json\/wp\/v2\/pages\/8158"}],"collection":[{"href":"https:\/\/youpoxy.fr\/en_en\/wp-json\/wp\/v2\/pages"}],"about":[{"href":"https:\/\/youpoxy.fr\/en_en\/wp-json\/wp\/v2\/types\/page"}],"author":[{"embeddable":true,"href":"https:\/\/youpoxy.fr\/en_en\/wp-json\/wp\/v2\/users\/1"}],"replies":[{"embeddable":true,"href":"https:\/\/youpoxy.fr\/en_en\/wp-json\/wp\/v2\/comments?post=8158"}],"version-history":[{"count":59,"href":"https:\/\/youpoxy.fr\/en_en\/wp-json\/wp\/v2\/pages\/8158\/revisions"}],"predecessor-version":[{"id":8663,"href":"https:\/\/youpoxy.fr\/en_en\/wp-json\/wp\/v2\/pages\/8158\/revisions\/8663"}],"wp:attachment":[{"href":"https:\/\/youpoxy.fr\/en_en\/wp-json\/wp\/v2\/media?parent=8158"}],"curies":[{"name":"wp","href":"https:\/\/api.w.org\/{rel}","templated":true}]}}