{"id":8133,"date":"2023-02-19T23:43:09","date_gmt":"2023-02-19T23:43:09","guid":{"rendered":"https:\/\/youpoxy.fr\/?page_id=8133"},"modified":"2023-03-23T17:54:08","modified_gmt":"2023-03-23T17:54:08","slug":"contact","status":"publish","type":"page","link":"https:\/\/youpoxy.fr\/en_en\/contact\/","title":{"rendered":"Contact"},"content":{"rendered":"<section class=\"wpb-content-wrapper\"><div class=\"vc_row wpb_row vc_row-fluid vc_custom_1676851634636\"><div class=\"wpb_column vc_column_container vc_col-sm-12\"><div class=\"vc_column-inner\"><div class=\"wpb_wrapper\"><div class='dt-sc-hr-invisible-medium'> <\/div><div class='dt-sc-small-separator'><\/div><h2>CONTACT U.S<\/h2><div class='dt-sc-hr-invisible-small'> <\/div><div class='dt-sc-clear'> <\/div>\n<div class=\"wpcf7 no-js\" id=\"wpcf7-f4-o1\" lang=\"en-US\" dir=\"ltr\">\n<div class=\"screen-reader-response\"><p role=\"status\" aria-live=\"polite\" aria-atomic=\"true\"><\/p> <ul><\/ul><\/div>\n<form action=\"\/en_en\/wp-json\/wp\/v2\/pages\/8133#wpcf7-f4-o1\" method=\"post\" class=\"wpcf7-form init\" aria-label=\"Contact form\" novalidate=\"novalidate\" data-status=\"init\" data-trp-original-action=\"\/en_en\/wp-json\/wp\/v2\/pages\/8133#wpcf7-f4-o1\">\n<div style=\"display: none;\">\n<input type=\"hidden\" name=\"_wpcf7\" value=\"4\" \/>\n<input type=\"hidden\" name=\"_wpcf7_version\" value=\"5.7.7\" \/>\n<input type=\"hidden\" name=\"_wpcf7_locale\" value=\"en_US\" \/>\n<input type=\"hidden\" name=\"_wpcf7_unit_tag\" value=\"wpcf7-f4-o1\" \/>\n<input type=\"hidden\" name=\"_wpcf7_container_post\" value=\"0\" \/>\n<input type=\"hidden\" name=\"_wpcf7_posted_data_hash\" value=\"\" \/>\n<\/div>\n<div class=\"uacf7-form-4\"><div class=\"wpb_column vc_column_container vc_col-sm-4\"><div class=\"vc_column-inner\"><div class=\"wpb_wrapper\"><span class=\"wpcf7-form-control-wrap\" data-name=\"Name\"><input size=\"40\" class=\"wpcf7-form-control wpcf7-text wpcf7-validates-as-required\" aria-required=\"true\" aria-invalid=\"false\" placeholder=\"Last name First Name*\" value=\"\" type=\"text\" name=\"Name\" \/><\/span><\/div><\/div><\/div><div class=\"wpb_column vc_column_container vc_col-sm-4\"><div class=\"vc_column-inner\"><div class=\"wpb_wrapper\"><span class=\"wpcf7-form-control-wrap\" data-name=\"Email\"><input size=\"40\" class=\"wpcf7-form-control wpcf7-text wpcf7-email wpcf7-validates-as-required wpcf7-validates-as-email\" aria-required=\"true\" aria-invalid=\"false\" placeholder=\"Mail address*\" value=\"\" type=\"email\" name=\"Email\" \/><\/span><\/div><\/div><\/div><div class=\"wpb_column vc_column_container vc_col-sm-4\"><div class=\"vc_column-inner\"><div class=\"wpb_wrapper\"><span class=\"wpcf7-form-control-wrap\" data-name=\"tel\"><input size=\"40\" class=\"wpcf7-form-control wpcf7-text wpcf7-validates-as-required\" aria-required=\"true\" aria-invalid=\"false\" placeholder=\"Phone*\" value=\"\" type=\"text\" name=\"tel\" \/><\/span><\/div><\/div><\/div><div class=\"wpb_column vc_column_container vc_col-sm-12\"><div class=\"vc_column-inner\"><div class=\"wpb_wrapper\"><div class=\"vc_empty_space\"   style=\"height: 20px\"><span class=\"vc_empty_space_inner\"><\/span><\/div><\/div><\/div><\/div><div class=\"wpb_column vc_column_container vc_col-sm-12\"><div class=\"vc_column-inner\"><div class=\"wpb_wrapper\"><span class=\"wpcf7-form-control-wrap\" data-name=\"Message\"><textarea cols=\"40\" rows=\"10\" class=\"wpcf7-form-control wpcf7-textarea wpcf7-validates-as-required\" aria-required=\"true\" aria-invalid=\"false\" placeholder=\"Your message*\" name=\"Message\"><\/textarea><\/span><\/div><\/div><\/div><div class=\"wpb_column vc_column_container vc_col-sm-12\"><div class=\"vc_column-inner\"><div class=\"wpb_wrapper\"><div class=\"vc_empty_space\"   style=\"height: 20px\"><span class=\"vc_empty_space_inner\"><\/span><\/div><\/div><\/div><\/div><div class=\"wpb_column vc_column_container vc_col-sm-12\"><div class=\"vc_column-inner\"><div class=\"wpb_wrapper\"><input class=\"wpcf7-form-control has-spinner wpcf7-submit\" type=\"submit\" value=\"Send\" \/><\/div><\/div><\/div><\/div><div class=\"wpcf7-response-output\" aria-hidden=\"true\"><\/div>\n<input type=\"hidden\" name=\"trp-form-language\" value=\"en_en\"\/><\/form>\n<\/div>\n<\/div><\/div><\/div><\/div><div class=\"vc_row wpb_row vc_row-fluid\"><div class=\"wpb_column vc_column_container vc_col-sm-12\"><div class=\"vc_column-inner\"><div class=\"wpb_wrapper\"><div class='dt-sc-hr-invisible-small'> <\/div><div class='dt-sc-small-separator'><\/div><h2>INFO<\/h2><div class='dt-sc-hr-invisible-small'> <\/div><div class='dt-sc-clear'> <\/div><\/div><\/div><\/div><div class=\"wpb_column vc_column_container vc_col-sm-4\"><div class=\"vc_column-inner\"><div class=\"wpb_wrapper\"><div class='dt-sc-contact-info type2'><span class='pe-icon pe-map-marker'> <\/span><h6>TO MEET<\/h6>Bas\u00e9 dans les Alpes Maritimes <br> Delivery throughout France<\/div><\/div><\/div><\/div><div class=\"wpb_column vc_column_container vc_col-sm-4\"><div class=\"vc_column-inner\"><div class=\"wpb_wrapper\"><div class='dt-sc-contact-info type2'><span class='pe-icon pe-call'> <\/span><h6>TO TALK TO<\/h6><strong>Theo:<\/strong> <a href=\"tel: 33651077955\">+33 6 51 07 79 55<\/a> <br> <strong>Gabriel:<\/strong> <a href=\"tel: 33635460829\">+33 6 35 46 08 29<\/a><\/div><\/div><\/div><\/div><div class=\"wpb_column vc_column_container vc_col-sm-4\"><div class=\"vc_column-inner\"><div class=\"wpb_wrapper\"><div class='dt-sc-contact-info type2'><span class='pe-icon pe-mail'> <\/span><h6>ANOTHER REQUEST?<\/h6><a title=\"\" href=\"mailto:commercial@youpoxy.fr\">commercial@youpoxy.fr <\/a><br> <a href=\"mailto:sav@youpoxy.fr\">sav@youpoxy.fr<\/a><\/div><\/div><\/div><\/div><\/div><div class=\"vc_row wpb_row vc_row-fluid\"><div class=\"wpb_column vc_column_container vc_col-sm-12\"><div class=\"vc_column-inner\"><div class=\"wpb_wrapper\"><div class='dt-sc-hr-invisible-small'> <\/div><div class='dt-sc-small-separator'><\/div><h2>NEWSLETTER<\/h2><div class='dt-sc-hr-invisible-small'> <\/div><div class='dt-sc-clear'> <\/div><div class='dt-sc-newsletter-section type1'><div class=\"newsletter-text\"><p><i class=\"fa fa-envelope-o\"><\/i>Join our community and be the first to know about all our news, competitions and possible promotions.<\/p><\/div><form class=\"dt-sc-subscribe-frm\" action=\"#\" method=\"post\" data-trp-original-action=\"#\"><input type='email' name='dt_mc_emailid' id='dt_mc_emailid' required placeholder='Mail address*'><input type='hidden' name='dt_mc_apikey' id='dt_mc_apikey' value='d3d7a26ead54f05231ea2bc76ab95f00-us21' \/><input type='hidden' name='dt_mc_listid' id='dt_mc_listid' value='2671371f08' \/><input type='submit' name='mc_submit' value='SUBSCRIBE'><input type=\"hidden\" name=\"trp-form-language\" value=\"en_en\"\/><\/form><div class=\"dt_ajax_subscribe_msg\"><\/div><\/div><\/div><\/div><\/div><\/div>\n<\/section>","protected":false},"excerpt":{"rendered":"NOUS JOINDRE INFOS SE RENCONTRERBas\u00e9 dans les Alpes Maritimes Livraison dans toute la France SE PARLERTh\u00e9o : +33 6 51 07 79 55 Gabriel : +33 6 35 46 08 29 UNE AUTRE DEMANDE ?commercial@youpoxy.fr sav@youpoxy.fr NEWSLETTER Rejoignez notre communaut\u00e9 et soyez inform\u00e9(e) en avant-premi\u00e8re de toutes nos nouveaut\u00e9s, nos concours et nos promotions \u00e9ventuelles.","protected":false},"author":1,"featured_media":0,"parent":0,"menu_order":0,"comment_status":"open","ping_status":"open","template":"","meta":[],"aioseo_notices":[],"_links":{"self":[{"href":"https:\/\/youpoxy.fr\/en_en\/wp-json\/wp\/v2\/pages\/8133"}],"collection":[{"href":"https:\/\/youpoxy.fr\/en_en\/wp-json\/wp\/v2\/pages"}],"about":[{"href":"https:\/\/youpoxy.fr\/en_en\/wp-json\/wp\/v2\/types\/page"}],"author":[{"embeddable":true,"href":"https:\/\/youpoxy.fr\/en_en\/wp-json\/wp\/v2\/users\/1"}],"replies":[{"embeddable":true,"href":"https:\/\/youpoxy.fr\/en_en\/wp-json\/wp\/v2\/comments?post=8133"}],"version-history":[{"count":20,"href":"https:\/\/youpoxy.fr\/en_en\/wp-json\/wp\/v2\/pages\/8133\/revisions"}],"predecessor-version":[{"id":8664,"href":"https:\/\/youpoxy.fr\/en_en\/wp-json\/wp\/v2\/pages\/8133\/revisions\/8664"}],"wp:attachment":[{"href":"https:\/\/youpoxy.fr\/en_en\/wp-json\/wp\/v2\/media?parent=8133"}],"curies":[{"name":"wp","href":"https:\/\/api.w.org\/{rel}","templated":true}]}}