{"id":711,"date":"2016-04-05T04:53:54","date_gmt":"2016-04-05T04:53:54","guid":{"rendered":"http:\/\/youpoxy.fr\/?page_id=711"},"modified":"2023-03-22T21:43:38","modified_gmt":"2023-03-22T21:43:38","slug":"boutique","status":"publish","type":"page","link":"https:\/\/youpoxy.fr\/en_en\/boutique\/","title":{"rendered":"Boutique"},"content":{"rendered":"<section class=\"wpb-content-wrapper\"><div class=\"vc_row wpb_row vc_row-fluid vc_custom_1677165979642\"><div class=\"wpb_column vc_column_container vc_col-sm-12\"><div class=\"vc_column-inner\"><div class=\"wpb_wrapper\"><div class=\"woocommerce columns-3\"><ul class=\"products columns-3\">\n<li class=\"product type-product post-8641 status-publish first instock product_cat-merchandising has-post-thumbnail shipping-taxable purchasable product-type-simple\">\n\t<div class='dt-sc-one-third column  in-stock-product'><div class='product-wrapper'><div class='product-thumb'><a class=\"image\" href=\"https:\/\/youpoxy.fr\/en_en\/product\/bonnet-pompon\/\" title=\"Bonnet \u00e0 pompon\"><img width=\"1000\" height=\"1000\" src=\"https:\/\/youpoxy.fr\/wp-content\/uploads\/BONNET-1000X1000.jpg\" class=\"attachment-shop_catalog size-shop_catalog wp-post-image\" alt=\"\" decoding=\"async\" loading=\"lazy\" srcset=\"https:\/\/youpoxy.fr\/wp-content\/uploads\/BONNET-1000X1000.jpg 1000w, https:\/\/youpoxy.fr\/wp-content\/uploads\/BONNET-1000X1000-300x300.jpg 300w, https:\/\/youpoxy.fr\/wp-content\/uploads\/BONNET-1000X1000-150x150.jpg 150w, https:\/\/youpoxy.fr\/wp-content\/uploads\/BONNET-1000X1000-768x768.jpg 768w, https:\/\/youpoxy.fr\/wp-content\/uploads\/BONNET-1000X1000-12x12.jpg 12w, https:\/\/youpoxy.fr\/wp-content\/uploads\/BONNET-1000X1000-500x500.jpg 500w, https:\/\/youpoxy.fr\/wp-content\/uploads\/BONNET-1000X1000-100x100.jpg 100w\" sizes=\"(max-width: 1000px) 100vw, 1000px\" \/><\/a><a href=\"?add-to-cart=8641\" data-quantity=\"1\" class=\"dt-sc-button too-small button product_type_simple add_to_cart_button ajax_add_to_cart\" data-product_id=\"8641\" data-product_sku=\"\" aria-label=\"Add \u201cBonnet \u00e0 pompon\u201d to your cart\" aria-describedby=\"\" rel=\"nofollow\" data-no-translation=\"\" data-trp-gettext=\"\" data-no-translation-aria-label=\"\">Add to cart<\/a>\n<div\n\tclass=\"yith-wcwl-add-to-wishlist add-to-wishlist-8641  wishlist-fragment on-first-load\"\n\tdata-fragment-ref=\"8641\"\n\tdata-fragment-options=\"{&quot;base_url&quot;:&quot;&quot;,&quot;in_default_wishlist&quot;:false,&quot;is_single&quot;:false,&quot;show_exists&quot;:false,&quot;product_id&quot;:8641,&quot;parent_product_id&quot;:8641,&quot;product_type&quot;:&quot;simple&quot;,&quot;show_view&quot;:false,&quot;browse_wishlist_text&quot;:&quot;Voir la liste des favoris&quot;,&quot;already_in_wishslist_text&quot;:&quot;Ce produit est d\\u00e9j\\u00e0 dans vos favoris |&quot;,&quot;product_added_text&quot;:&quot;Produit ajout\\u00e9 !&quot;,&quot;heading_icon&quot;:&quot;&quot;,&quot;available_multi_wishlist&quot;:false,&quot;disable_wishlist&quot;:false,&quot;show_count&quot;:false,&quot;ajax_loading&quot;:false,&quot;loop_position&quot;:&quot;after_add_to_cart&quot;,&quot;item&quot;:&quot;add_to_wishlist&quot;}\"\n>\n\t\t\t\n\t\t\t<!-- ADD TO WISHLIST -->\n\t\t\t\n<div class=\"yith-wcwl-add-button\">\n\t\t<a\n\t\thref=\"?add_to_wishlist=8641&#038;_wpnonce=250a4a9967\"\n\t\tclass=\"add_to_wishlist single_add_to_wishlist\"\n\t\tdata-product-id=\"8641\"\n\t\tdata-product-type=\"simple\"\n\t\tdata-original-product-id=\"8641\"\n\t\tdata-title=\"Ajouter aux favoris\"\n\t\trel=\"nofollow\"\n\t>\n\t\t\t\t<span>Ajouter aux favoris<\/span>\n\t<\/a>\n<\/div>\n\n\t\t\t<!-- COUNT TEXT -->\n\t\t\t\n\t\t\t<\/div>\n<a class=\"product-content\" href=\"https:\/\/youpoxy.fr\/en_en\/product\/bonnet-pompon\/\" title=\"Bonnet \u00e0 pompon\"> <\/a><\/div><div class='product-details'><h5><a href=\"https:\/\/youpoxy.fr\/en_en\/product\/bonnet-pompon\/\">Bonnet \u00e0 pompon<\/a><\/h5><span class=\"product-price\">\n\t<span class=\"price\"><span class=\"woocommerce-Price-amount amount\"><bdi>18.99<span class=\"woocommerce-Price-currencySymbol\">&euro;<\/span><\/bdi><\/span><\/span>\n<\/span><div class=\"product-rating-wrapper\"><div><\/div><\/div><\/div><\/li>\n<li class=\"pif-has-gallery product type-product post-669 status-publish instock product_cat-goodies has-post-thumbnail shipping-taxable purchasable product-type-simple\">\n\t<div class='dt-sc-one-third column  in-stock-product'><div class='product-wrapper'><div class='product-thumb'><a class=\"image\" href=\"https:\/\/youpoxy.fr\/en_en\/product\/mug-en-ceramique\/\" title=\"Mug en c\u00e9ramique\"><img width=\"1000\" height=\"1000\" src=\"https:\/\/youpoxy.fr\/wp-content\/uploads\/TASSE-1000X1000.jpg\" class=\"attachment-shop_catalog size-shop_catalog wp-post-image\" alt=\"\" decoding=\"async\" loading=\"lazy\" srcset=\"https:\/\/youpoxy.fr\/wp-content\/uploads\/TASSE-1000X1000.jpg 1000w, https:\/\/youpoxy.fr\/wp-content\/uploads\/TASSE-1000X1000-300x300.jpg 300w, https:\/\/youpoxy.fr\/wp-content\/uploads\/TASSE-1000X1000-150x150.jpg 150w, https:\/\/youpoxy.fr\/wp-content\/uploads\/TASSE-1000X1000-768x768.jpg 768w, https:\/\/youpoxy.fr\/wp-content\/uploads\/TASSE-1000X1000-12x12.jpg 12w, https:\/\/youpoxy.fr\/wp-content\/uploads\/TASSE-1000X1000-500x500.jpg 500w, https:\/\/youpoxy.fr\/wp-content\/uploads\/TASSE-1000X1000-100x100.jpg 100w\" sizes=\"(max-width: 1000px) 100vw, 1000px\" \/><img width=\"1000\" height=\"1000\" src=\"https:\/\/youpoxy.fr\/wp-content\/uploads\/TASSE2-1000X1000.jpg\" class=\"secondary-image attachment-shop-catalog\" alt=\"\" decoding=\"async\" loading=\"lazy\" srcset=\"https:\/\/youpoxy.fr\/wp-content\/uploads\/TASSE2-1000X1000.jpg 1000w, https:\/\/youpoxy.fr\/wp-content\/uploads\/TASSE2-1000X1000-300x300.jpg 300w, https:\/\/youpoxy.fr\/wp-content\/uploads\/TASSE2-1000X1000-150x150.jpg 150w, https:\/\/youpoxy.fr\/wp-content\/uploads\/TASSE2-1000X1000-768x768.jpg 768w, https:\/\/youpoxy.fr\/wp-content\/uploads\/TASSE2-1000X1000-12x12.jpg 12w, https:\/\/youpoxy.fr\/wp-content\/uploads\/TASSE2-1000X1000-500x500.jpg 500w, https:\/\/youpoxy.fr\/wp-content\/uploads\/TASSE2-1000X1000-100x100.jpg 100w\" sizes=\"(max-width: 1000px) 100vw, 1000px\" \/><\/a><a href=\"?add-to-cart=669\" data-quantity=\"1\" class=\"dt-sc-button too-small button product_type_simple add_to_cart_button ajax_add_to_cart\" data-product_id=\"669\" data-product_sku=\"\" aria-label=\"Add \u201cMug en c\u00e9ramique\u201d to your cart\" aria-describedby=\"\" rel=\"nofollow\" data-no-translation=\"\" data-trp-gettext=\"\" data-no-translation-aria-label=\"\">Add to cart<\/a>\n<div\n\tclass=\"yith-wcwl-add-to-wishlist add-to-wishlist-669  wishlist-fragment on-first-load\"\n\tdata-fragment-ref=\"669\"\n\tdata-fragment-options=\"{&quot;base_url&quot;:&quot;&quot;,&quot;in_default_wishlist&quot;:false,&quot;is_single&quot;:false,&quot;show_exists&quot;:false,&quot;product_id&quot;:669,&quot;parent_product_id&quot;:669,&quot;product_type&quot;:&quot;simple&quot;,&quot;show_view&quot;:false,&quot;browse_wishlist_text&quot;:&quot;Voir la liste des favoris&quot;,&quot;already_in_wishslist_text&quot;:&quot;Ce produit est d\\u00e9j\\u00e0 dans vos favoris |&quot;,&quot;product_added_text&quot;:&quot;Produit ajout\\u00e9 !&quot;,&quot;heading_icon&quot;:&quot;&quot;,&quot;available_multi_wishlist&quot;:false,&quot;disable_wishlist&quot;:false,&quot;show_count&quot;:false,&quot;ajax_loading&quot;:false,&quot;loop_position&quot;:&quot;after_add_to_cart&quot;,&quot;item&quot;:&quot;add_to_wishlist&quot;}\"\n>\n\t\t\t\n\t\t\t<!-- ADD TO WISHLIST -->\n\t\t\t\n<div class=\"yith-wcwl-add-button\">\n\t\t<a\n\t\thref=\"?add_to_wishlist=669&#038;_wpnonce=250a4a9967\"\n\t\tclass=\"add_to_wishlist single_add_to_wishlist\"\n\t\tdata-product-id=\"669\"\n\t\tdata-product-type=\"simple\"\n\t\tdata-original-product-id=\"669\"\n\t\tdata-title=\"Ajouter aux favoris\"\n\t\trel=\"nofollow\"\n\t>\n\t\t\t\t<span>Ajouter aux favoris<\/span>\n\t<\/a>\n<\/div>\n\n\t\t\t<!-- COUNT TEXT -->\n\t\t\t\n\t\t\t<\/div>\n<a class=\"product-content\" href=\"https:\/\/youpoxy.fr\/en_en\/product\/mug-en-ceramique\/\" title=\"Mug en c\u00e9ramique\"> <\/a><\/div><div class='product-details'><h5><a href=\"https:\/\/youpoxy.fr\/en_en\/product\/mug-en-ceramique\/\">Mug en c\u00e9ramique<\/a><\/h5><span class=\"product-price\">\n\t<span class=\"price\"><span class=\"woocommerce-Price-amount amount\"><bdi>12.99<span class=\"woocommerce-Price-currencySymbol\">&euro;<\/span><\/bdi><\/span><\/span>\n<\/span><div class=\"product-rating-wrapper\"><div><\/div><\/div><\/div><\/li>\n<li class=\"pif-has-gallery product type-product post-8638 status-publish last instock product_cat-merchandising has-post-thumbnail shipping-taxable purchasable product-type-simple\">\n\t<div class='dt-sc-one-third column  in-stock-product'><div class='product-wrapper'><div class='product-thumb'><a class=\"image\" href=\"https:\/\/youpoxy.fr\/en_en\/product\/sweat-unisexe\/\" title=\"Sweat Unisexe\"><img width=\"1000\" height=\"1000\" src=\"https:\/\/youpoxy.fr\/wp-content\/uploads\/SWEAT-1000X1000.jpg\" class=\"attachment-shop_catalog size-shop_catalog wp-post-image\" alt=\"\" decoding=\"async\" loading=\"lazy\" srcset=\"https:\/\/youpoxy.fr\/wp-content\/uploads\/SWEAT-1000X1000.jpg 1000w, https:\/\/youpoxy.fr\/wp-content\/uploads\/SWEAT-1000X1000-300x300.jpg 300w, https:\/\/youpoxy.fr\/wp-content\/uploads\/SWEAT-1000X1000-150x150.jpg 150w, https:\/\/youpoxy.fr\/wp-content\/uploads\/SWEAT-1000X1000-768x768.jpg 768w, https:\/\/youpoxy.fr\/wp-content\/uploads\/SWEAT-1000X1000-12x12.jpg 12w, https:\/\/youpoxy.fr\/wp-content\/uploads\/SWEAT-1000X1000-500x500.jpg 500w, https:\/\/youpoxy.fr\/wp-content\/uploads\/SWEAT-1000X1000-100x100.jpg 100w\" sizes=\"(max-width: 1000px) 100vw, 1000px\" \/><img width=\"1000\" height=\"1000\" src=\"https:\/\/youpoxy.fr\/wp-content\/uploads\/SWEAT2-1000X1000.jpg\" class=\"secondary-image attachment-shop-catalog\" alt=\"\" decoding=\"async\" loading=\"lazy\" srcset=\"https:\/\/youpoxy.fr\/wp-content\/uploads\/SWEAT2-1000X1000.jpg 1000w, https:\/\/youpoxy.fr\/wp-content\/uploads\/SWEAT2-1000X1000-300x300.jpg 300w, https:\/\/youpoxy.fr\/wp-content\/uploads\/SWEAT2-1000X1000-150x150.jpg 150w, https:\/\/youpoxy.fr\/wp-content\/uploads\/SWEAT2-1000X1000-768x768.jpg 768w, https:\/\/youpoxy.fr\/wp-content\/uploads\/SWEAT2-1000X1000-12x12.jpg 12w, https:\/\/youpoxy.fr\/wp-content\/uploads\/SWEAT2-1000X1000-500x500.jpg 500w, https:\/\/youpoxy.fr\/wp-content\/uploads\/SWEAT2-1000X1000-100x100.jpg 100w\" sizes=\"(max-width: 1000px) 100vw, 1000px\" \/><\/a><a href=\"?add-to-cart=8638\" data-quantity=\"1\" class=\"dt-sc-button too-small button product_type_simple add_to_cart_button ajax_add_to_cart\" data-product_id=\"8638\" data-product_sku=\"\" aria-label=\"Add \u201cSweat Unisexe\u201d to your cart\" aria-describedby=\"\" rel=\"nofollow\" data-no-translation=\"\" data-trp-gettext=\"\" data-no-translation-aria-label=\"\">Add to cart<\/a>\n<div\n\tclass=\"yith-wcwl-add-to-wishlist add-to-wishlist-8638  wishlist-fragment on-first-load\"\n\tdata-fragment-ref=\"8638\"\n\tdata-fragment-options=\"{&quot;base_url&quot;:&quot;&quot;,&quot;in_default_wishlist&quot;:false,&quot;is_single&quot;:false,&quot;show_exists&quot;:false,&quot;product_id&quot;:8638,&quot;parent_product_id&quot;:8638,&quot;product_type&quot;:&quot;simple&quot;,&quot;show_view&quot;:false,&quot;browse_wishlist_text&quot;:&quot;Voir la liste des favoris&quot;,&quot;already_in_wishslist_text&quot;:&quot;Ce produit est d\\u00e9j\\u00e0 dans vos favoris |&quot;,&quot;product_added_text&quot;:&quot;Produit ajout\\u00e9 !&quot;,&quot;heading_icon&quot;:&quot;&quot;,&quot;available_multi_wishlist&quot;:false,&quot;disable_wishlist&quot;:false,&quot;show_count&quot;:false,&quot;ajax_loading&quot;:false,&quot;loop_position&quot;:&quot;after_add_to_cart&quot;,&quot;item&quot;:&quot;add_to_wishlist&quot;}\"\n>\n\t\t\t\n\t\t\t<!-- ADD TO WISHLIST -->\n\t\t\t\n<div class=\"yith-wcwl-add-button\">\n\t\t<a\n\t\thref=\"?add_to_wishlist=8638&#038;_wpnonce=250a4a9967\"\n\t\tclass=\"add_to_wishlist single_add_to_wishlist\"\n\t\tdata-product-id=\"8638\"\n\t\tdata-product-type=\"simple\"\n\t\tdata-original-product-id=\"8638\"\n\t\tdata-title=\"Ajouter aux favoris\"\n\t\trel=\"nofollow\"\n\t>\n\t\t\t\t<span>Ajouter aux favoris<\/span>\n\t<\/a>\n<\/div>\n\n\t\t\t<!-- COUNT TEXT -->\n\t\t\t\n\t\t\t<\/div>\n<a class=\"product-content\" href=\"https:\/\/youpoxy.fr\/en_en\/product\/sweat-unisexe\/\" title=\"Sweat Unisexe\"> <\/a><\/div><div class='product-details'><h5><a href=\"https:\/\/youpoxy.fr\/en_en\/product\/sweat-unisexe\/\">Sweat Unisexe<\/a><\/h5><span class=\"product-price\">\n\t<span class=\"price\"><span class=\"woocommerce-Price-amount amount\"><bdi>44.99<span class=\"woocommerce-Price-currencySymbol\">&euro;<\/span><\/bdi><\/span><\/span>\n<\/span><div class=\"product-rating-wrapper\"><div><\/div><\/div><\/div><\/li>\n<\/ul>\n<\/div><div class=\"vc_empty_space\"   style=\"height: 50px\"><span class=\"vc_empty_space_inner\"><\/span><\/div><\/div><\/div><\/div><\/div><div class=\"vc_row wpb_row vc_row-fluid vc_custom_1677166070449\"><div class=\"aligncenter wpb_column vc_column_container vc_col-sm-12\"><div class=\"vc_column-inner\"><div class=\"wpb_wrapper\"><div class='dt-sc-hr-invisible-xsmall'> <\/div><div class='dt-sc-small-separator'><\/div><h2>Une envie d'objet unique ?<\/h2><div class='dt-sc-hr-invisible-xsmall'> <\/div><div class='dt-sc-clear'> <\/div><a href='https:\/\/youpoxy.fr\/en_en\/concept\/' target='' title='Concept' class='dt-sc-button   xlarge   filled bounce dt-sc-expand dt-sc-expand-middle'  style=\"color:#0a0a0a;\">D\u00c9COUVRIR YOUPOXY <\/a><div class='dt-sc-hr-invisible-large'> <\/div><\/div><\/div><\/div><\/div>\n<\/section>","protected":false},"excerpt":{"rendered":"Add to cart Ajouter aux favoris Bonnet \u00e0 pompon 18.99&euro; Add to cart Ajouter aux favoris Mug en c\u00e9ramique 12.99&euro; Add to cart Ajouter aux favoris Sweat Unisexe 44.99&euro; Une envie d'objet unique ? D\u00c9COUVRIR YOUPOXY","protected":false},"author":1,"featured_media":0,"parent":0,"menu_order":0,"comment_status":"closed","ping_status":"closed","template":"","meta":[],"aioseo_notices":[],"_links":{"self":[{"href":"https:\/\/youpoxy.fr\/en_en\/wp-json\/wp\/v2\/pages\/711"}],"collection":[{"href":"https:\/\/youpoxy.fr\/en_en\/wp-json\/wp\/v2\/pages"}],"about":[{"href":"https:\/\/youpoxy.fr\/en_en\/wp-json\/wp\/v2\/types\/page"}],"author":[{"embeddable":true,"href":"https:\/\/youpoxy.fr\/en_en\/wp-json\/wp\/v2\/users\/1"}],"replies":[{"embeddable":true,"href":"https:\/\/youpoxy.fr\/en_en\/wp-json\/wp\/v2\/comments?post=711"}],"version-history":[{"count":11,"href":"https:\/\/youpoxy.fr\/en_en\/wp-json\/wp\/v2\/pages\/711\/revisions"}],"predecessor-version":[{"id":8631,"href":"https:\/\/youpoxy.fr\/en_en\/wp-json\/wp\/v2\/pages\/711\/revisions\/8631"}],"wp:attachment":[{"href":"https:\/\/youpoxy.fr\/en_en\/wp-json\/wp\/v2\/media?parent=711"}],"curies":[{"name":"wp","href":"https:\/\/api.w.org\/{rel}","templated":true}]}}